{"id":20319,"date":"2025-10-13T09:28:10","date_gmt":"2025-10-13T05:28:10","guid":{"rendered":"https:\/\/dericci.com\/?page_id=20319"},"modified":"2025-11-19T14:37:58","modified_gmt":"2025-11-19T10:37:58","slug":"about-us","status":"publish","type":"page","link":"https:\/\/dericci.com\/it\/about-us\/","title":{"rendered":"Chi siamo"},"content":{"rendered":"<div data-elementor-type=\"wp-page\" data-elementor-id=\"20319\" class=\"elementor elementor-20319\" data-elementor-post-type=\"page\">\n\t\t\t\t\t\t<section class=\"elementor-section elementor-top-section elementor-element elementor-element-7b36071e elementor-section-full_width elementor-section-height-min-height as-slider elementor-section-height-default elementor-section-items-middle\" data-id=\"7b36071e\" data-element_type=\"section\" data-settings=\"{&quot;background_background&quot;:&quot;slideshow&quot;,&quot;background_slideshow_gallery&quot;:[{&quot;id&quot;:20443,&quot;url&quot;:&quot;https:\\\/\\\/dericci.com\\\/wp-content\\\/uploads\\\/2025\\\/11\\\/About_US_1.jpg&quot;},{&quot;id&quot;:20310,&quot;url&quot;:&quot;https:\\\/\\\/dericci.com\\\/wp-content\\\/uploads\\\/2025\\\/10\\\/andrew-coelho-aL7SA1ASVdQ-unsplash-3.jpg&quot;},{&quot;id&quot;:20447,&quot;url&quot;:&quot;https:\\\/\\\/dericci.com\\\/wp-content\\\/uploads\\\/2025\\\/11\\\/about_us_3.webp&quot;},{&quot;id&quot;:20448,&quot;url&quot;:&quot;https:\\\/\\\/dericci.com\\\/wp-content\\\/uploads\\\/2025\\\/11\\\/about_us_4.webp&quot;},{&quot;id&quot;:20479,&quot;url&quot;:&quot;https:\\\/\\\/dericci.com\\\/wp-content\\\/uploads\\\/2025\\\/11\\\/about_us_5_new-01-Large.jpeg&quot;}],&quot;background_slideshow_slide_duration&quot;:5000,&quot;background_slideshow_slide_transition&quot;:&quot;fade&quot;,&quot;background_slideshow_transition_duration&quot;:500}\">\n\t\t\t\t\t\t\t<div class=\"elementor-background-overlay\"><\/div>\n\t\t\t\t\t\t\t<div class=\"elementor-container elementor-column-gap-no\">\n\t\t\t\t\t<div class=\"elementor-column elementor-col-50 elementor-top-column elementor-element elementor-element-5ea91285\" data-id=\"5ea91285\" data-element_type=\"column\">\n\t\t\t<div class=\"elementor-widget-wrap elementor-element-populated\">\n\t\t\t\t\t\t<section class=\"elementor-section elementor-inner-section elementor-element elementor-element-3711213b elementor-section-boxed elementor-section-height-default elementor-section-height-default\" data-id=\"3711213b\" data-element_type=\"section\">\n\t\t\t\t\t\t<div class=\"elementor-container elementor-column-gap-no\">\n\t\t\t\t\t<div class=\"elementor-column elementor-col-50 elementor-top-column elementor-element elementor-element-4050fb91 as-bar\" data-id=\"4050fb91\" data-element_type=\"column\">\n\t\t\t<div class=\"elementor-widget-wrap\">\n\t\t\t\t\t\t\t<\/div>\n\t\t<\/div>\n\t\t\t\t<div class=\"elementor-column elementor-col-50 elementor-inner-column elementor-element elementor-element-4b2f73ac\" data-id=\"4b2f73ac\" data-element_type=\"column\">\n\t\t\t<div class=\"elementor-widget-wrap elementor-element-populated\">\n\t\t\t\t\t\t<section class=\"elementor-section elementor-inner-section elementor-element elementor-element-57cd9388 as-changing-widget elementor-section-boxed elementor-section-height-default elementor-section-height-default\" data-id=\"57cd9388\" data-element_type=\"section\">\n\t\t\t\t\t\t<div class=\"elementor-container elementor-column-gap-no\">\n\t\t\t\t\t<div class=\"elementor-column elementor-col-100 elementor-top-column elementor-element elementor-element-7620cbbf\" data-id=\"7620cbbf\" data-element_type=\"column\">\n\t\t\t<div class=\"elementor-widget-wrap elementor-element-populated\">\n\t\t\t\t\t\t<div class=\"elementor-element elementor-element-12cad5e3 elementor-widget elementor-widget-heading\" data-id=\"12cad5e3\" data-element_type=\"widget\" data-widget_type=\"heading.default\">\n\t\t\t\t\t<h2 class=\"elementor-heading-title elementor-size-default\">Nato a Milano.<\/h2>\t\t\t\t<\/div>\n\t\t\t\t<div class=\"elementor-element elementor-element-612dc6d1 elementor-widget elementor-widget-heading\" data-id=\"612dc6d1\" data-element_type=\"widget\" data-widget_type=\"heading.default\">\n\t\t\t\t\t<h2 class=\"elementor-heading-title elementor-size-default\">Visione<\/h2>\t\t\t\t<\/div>\n\t\t\t\t<div class=\"elementor-element elementor-element-26818606 elementor-widget elementor-widget-heading\" data-id=\"26818606\" data-element_type=\"widget\" data-widget_type=\"heading.default\">\n\t\t\t\t\t<h2 class=\"elementor-heading-title elementor-size-default\">Missione<\/h2>\t\t\t\t<\/div>\n\t\t\t\t<div class=\"elementor-element elementor-element-293ba014 elementor-widget elementor-widget-heading\" data-id=\"293ba014\" data-element_type=\"widget\" data-widget_type=\"heading.default\">\n\t\t\t\t\t<h2 class=\"elementor-heading-title elementor-size-default\">Valore<\/h2>\t\t\t\t<\/div>\n\t\t\t\t<div class=\"elementor-element elementor-element-7dd2e3b5 elementor-widget elementor-widget-heading\" data-id=\"7dd2e3b5\" data-element_type=\"widget\" data-widget_type=\"heading.default\">\n\t\t\t\t\t<h2 class=\"elementor-heading-title elementor-size-default\">L'arte incontra la funzionalit\u00e0<\/h2>\t\t\t\t<\/div>\n\t\t\t\t\t<\/div>\n\t\t<\/div>\n\t\t\t\t\t<\/div>\n\t\t<\/section>\n\t\t\t\t<section class=\"elementor-section elementor-inner-section elementor-element elementor-element-78b7e817 as-changing-widget elementor-section-boxed elementor-section-height-default elementor-section-height-default\" data-id=\"78b7e817\" data-element_type=\"section\">\n\t\t\t\t\t\t<div class=\"elementor-container elementor-column-gap-no\">\n\t\t\t\t\t<div class=\"elementor-column elementor-col-100 elementor-top-column elementor-element elementor-element-4b73f928\" data-id=\"4b73f928\" data-element_type=\"column\">\n\t\t\t<div class=\"elementor-widget-wrap elementor-element-populated\">\n\t\t\t\t\t\t<div class=\"elementor-element elementor-element-23bdd4d9 elementor-widget elementor-widget-text-editor\" data-id=\"23bdd4d9\" data-element_type=\"widget\" data-widget_type=\"text-editor.default\">\n\t\t\t\t\t\t\t\t\t<p>Fondata nel 2006 nella capitale del design, Milano, DeRicci \u00e8 il risultato di un'idea coraggiosa: gli spazi pi\u00f9 intimi della nostra vita meritano oggetti d'arte. DeRicci realizza rubinetti, lavabi, vasche da bagno e sistemi doccia che bilanciano forme senza tempo e funzioni moderne.<\/p>\t\t\t\t\t\t\t\t<\/div>\n\t\t\t\t<div class=\"elementor-element elementor-element-585d2414 elementor-widget elementor-widget-text-editor\" data-id=\"585d2414\" data-element_type=\"widget\" data-widget_type=\"text-editor.default\">\n\t\t\t\t\t\t\t\t\t<p>Immaginiamo un mondo in cui ogni rubinetto, lavello e superficie racconta una storia, non solo di funzionalit\u00e0, ma di sensazioni. In DeRicci, la nostra visione \u00e8 quella di ispirare una cultura di spazi intenzionali, progettati non per le tendenze, ma per l'atemporalit\u00e0. Cerchiamo di risvegliare un senso di lusso quotidiano, realizzato da mani italiane.<\/p>\t\t\t\t\t\t\t\t<\/div>\n\t\t\t\t<div class=\"elementor-element elementor-element-4232cc77 elementor-widget elementor-widget-text-editor\" data-id=\"4232cc77\" data-element_type=\"widget\" data-widget_type=\"text-editor.default\">\n\t\t\t\t\t\t\t\t\t<div class=\"page\" title=\"Pagina 2\"><div class=\"layoutArea\"><div class=\"column\"><div class=\"page\" title=\"Pagina 2\"><div class=\"layoutArea\"><div class=\"column\"><p>Nel cuore del design milanese, DeRicci \u00e8 nato non solo come marchio, ma come filosofia.<\/p><\/div><\/div><\/div><p>La nostra missione non \u00e8 la massa. \u00c8 il significato. Lavoriamo con i creatori, non con i consumatori. La nostra responsabilit\u00e0 non \u00e8 solo quella di fornire prodotti, ma di supportare la visione creativa di ogni progetto con pezzi che si elevano e durano nel tempo.<\/p><\/div><\/div><\/div>\t\t\t\t\t\t\t\t<\/div>\n\t\t\t\t<div class=\"elementor-element elementor-element-2990a659 elementor-widget elementor-widget-text-editor\" data-id=\"2990a659\" data-element_type=\"widget\" data-widget_type=\"text-editor.default\">\n\t\t\t\t\t\t\t\t\t<div class=\"page\" title=\"Pagina 2\"><div class=\"layoutArea\"><div class=\"column\"><p>Non produciamo. Noi lavoriamo artigianalmente.<\/p><p>Dietro ogni prodotto DeRicci si nasconde la forza tranquilla dell'eredit\u00e0 italiana: secoli di cultura del design distillati in forme contemporanee. Ogni rubinetto riecheggia la geometria di una colonna romana; ogni curva del lavello, il ritmo delle colline mediterranee.<\/p><\/div><\/div><\/div>\t\t\t\t\t\t\t\t<\/div>\n\t\t\t\t<div class=\"elementor-element elementor-element-7ed172b5 elementor-widget elementor-widget-text-editor\" data-id=\"7ed172b5\" data-element_type=\"widget\" data-widget_type=\"text-editor.default\">\n\t\t\t\t\t\t\t\t\t<div class=\"page\" title=\"Pagina 3\"><div class=\"layoutArea\"><div class=\"column\"><p>Il design senza scopo \u00e8 decorazione. I nostri pezzi coniugano il poetico con il pragmatico: rubinetti che danzano con il flusso dell'acqua, vasche da bagno che si adattano al riposo naturale del corpo. Ogni pezzo DeRicci \u00e8 progettato per la grazia quotidiana.<\/p><p>\u00c8 il luogo in cui la scultura incontra la performance silenziosa.<\/p><\/div><\/div><\/div>\t\t\t\t\t\t\t\t<\/div>\n\t\t\t\t\t<\/div>\n\t\t<\/div>\n\t\t\t\t\t<\/div>\n\t\t<\/section>\n\t\t\t\t<section class=\"elementor-section elementor-inner-section elementor-element elementor-element-4495d752 as-changing-widget elementor-section-boxed elementor-section-height-default elementor-section-height-default\" data-id=\"4495d752\" data-element_type=\"section\">\n\t\t\t\t\t\t<div class=\"elementor-container elementor-column-gap-no\">\n\t\t\t\t\t<div class=\"elementor-column elementor-col-100 elementor-inner-column elementor-element elementor-element-f05b7c3\" data-id=\"f05b7c3\" data-element_type=\"column\">\n\t\t\t<div class=\"elementor-widget-wrap\">\n\t\t\t\t\t\t\t<\/div>\n\t\t<\/div>\n\t\t\t\t\t<\/div>\n\t\t<\/section>\n\t\t\t\t\t<\/div>\n\t\t<\/div>\n\t\t\t\t\t<\/div>\n\t\t<\/section>\n\t\t\t\t\t<\/div>\n\t\t<\/div>\n\t\t\t\t<div class=\"elementor-column elementor-col-50 elementor-top-column elementor-element elementor-element-7651dc58\" data-id=\"7651dc58\" data-element_type=\"column\">\n\t\t\t<div class=\"elementor-widget-wrap elementor-element-populated\">\n\t\t\t\t\t\t<div class=\"elementor-element elementor-element-39c138c5 elementor-widget elementor-widget-html\" data-id=\"39c138c5\" data-element_type=\"widget\" data-widget_type=\"html.default\">\n\t\t\t\t\t<script src=\"https:\/\/code.jquery.com\/jquery-3.6.0.min.js\"><\/script>\r\n\r\n<script>\r\n\r\nvar $ = jQuery\r\n    \r\n$(document).ready(function(){\r\n\r\n$('.as-slider').each(function(){\r\n\r\nvar $this = $(this),\r\n    currentSlide = 0,\r\n    previousSlide = 0,\r\n    slideNumber = $this.find('.as-side-slider .swiper-slide:not(.swiper-slide-duplicate)').length,\r\n    barHTML = '',\r\n    forward,\r\n    textContainer = $this.find('.as-changing-widget')\r\n   \r\nfor(var i=0; i<slideNumber;i++){\r\n\r\n    barHTML += `<span class=\"dot\"><span class=\"dot-number\">${i+1}<\/span><\/span>`\r\n}\r\n\r\n$this.find('.as-bar .dot').remove()\r\n$this.find('.as-bar .elementor-widget-wrap').append(barHTML)\r\n$this.find('.as-bar .dot').eq(0).addClass('active')\r\n    \r\ntextContainer.each(function(){\r\n    var texts = $(this).find('.elementor-widget').eq(0)\r\n    texts.addClass('currentUp')\r\n    $(this).css('--h', texts.height()+'px')\r\n})\r\n\r\nsetTimeout(function(){\r\n    $this.addClass('loaded')\r\n    \r\n    if($this.find('.as-side-slider .swiper-container-initialized, .as-side-slider .swiper-initialized').length){\r\n        $this.find('.as-side-slider').addClass('loaded')\r\n    }\r\n    \r\n    var init = setInterval(function(){\r\n      if($this.find('.as-side-slider .swiper-container-initialized, .as-side-slider .swiper-initialized').length){\r\n          \r\n          $this.find('.as-side-slider').addClass('loaded')\r\n          clearInterval(init)\r\n      }\r\n    },50)\r\n}, 500)\r\n\r\nvar bgs = JSON.parse($this.attr('data-settings')).background_slideshow_gallery,\r\n    bgHTML = '<div class=\"as-slider-background\">'\r\n\r\nif(bgs){\r\n    bgs.forEach(function(background){\r\n        bgHTML += `<img decoding=\"async\" src=\"${background.url}\"\/>`\r\n    })\r\n}\r\nbgHTML += '<\/div>'\r\n\r\n$this.find('.as-slider-background').remove()\r\n$(this).prepend(bgHTML)\r\n\r\nvar backgrounds = $this.find('.as-slider-background img')\r\n\r\nbackgrounds.eq(0).addClass('currentForward')\r\n\r\nsetInterval(function(){\r\n    currentSlide = $this.find('.as-side-slider .swiper-slide-active').attr('data-swiper-slide-index')\r\n    if(previousSlide != currentSlide) {\r\n\r\n        if( previousSlide < currentSlide ){\r\n            forward = true\r\n        }\r\n        if( previousSlide > currentSlide ){\r\n            forward = false\r\n        }\r\n        if( previousSlide == slideNumber - 1 && currentSlide == 0 ){\r\n            forward = true\r\n        }\r\n        if( previousSlide == 0 && currentSlide == slideNumber - 1 ){\r\n            forward = false\r\n        }\r\n        textContainer.each(function(){\r\n            var texts = $(this).find('.elementor-widget')\r\n            \r\n            $(this).css('--h', texts.eq(currentSlide).height()+'px')\r\n            \r\n            texts.removeClass('prev next currentUp currentDown')\r\n            backgrounds.removeClass('prev currentBackward currentForward')\r\n            \r\n            backgrounds.eq(previousSlide).addClass('prev')\r\n            \r\n            if(forward) {\r\n                texts.eq(previousSlide).addClass('prev')\r\n                texts.eq(currentSlide).addClass('currentUp')\r\n                \r\n                backgrounds.eq(currentSlide).addClass('currentForward')\r\n                \r\n            }else{\r\n                texts.eq(previousSlide).addClass('next')\r\n                texts.eq(currentSlide).addClass('currentDown')\r\n\r\n                backgrounds.eq(currentSlide).addClass('currentBackward')\r\n            }\r\n        })\r\n        \r\n        $this.find('.as-bar .dot').removeClass('active')\r\n        $this.find('.as-bar .dot').eq(currentSlide).addClass('active')\r\n    }\r\n    previousSlide = currentSlide\r\n}, 500)\r\n\r\n$this.find('.as-bar .dot').on('click', function(){\r\n    \r\n    var index = $(this).index()\r\n    \r\n    $this.find('.as-side-slider .swiper-pagination-bullet').eq(index).trigger('click')\r\n    $this.find('.as-side-slider .swiper-container').trigger('mouseleave')\r\n    \r\n})\r\n$this.find('.as-slider-left').on('click', function(){\r\n    \r\n    $this.find('.as-side-slider .elementor-swiper-button-prev').trigger('click')\r\n    $this.find('.as-side-slider .elementor-swiper').trigger('mouseleave')\r\n})\r\n$this.find('.as-slider-right').on('click', function(){\r\n    \r\n    $this.find('.as-side-slider .elementor-swiper-button-next').trigger('click')\r\n    $this.find('.as-side-slider .elementor-swiper').trigger('mouseleave')\r\n})\r\n$this.find('.as-slider-left a, .as-slider-right a').on('click', function(e){\r\n    \r\n    e.preventDefault()\r\n})\r\n\r\n})\r\n})\r\n\r\n$(window).on('resize', function(){\r\n    \r\n\r\n    \r\n$('.as-slider').each(function(){\r\n    \r\n    var textContainer = $(this).find('.as-changing-widget')\r\n    \r\n    textContainer.each(function(){\r\n        var texts = $(this).find('.elementor-widget.currentUp, .elementor-widget.currentDown')\r\n    \r\n        $(this).css('--h', texts.height()+'px')\r\n    })\r\n})\r\n})\r\n\r\n\r\n<\/script>\r\n\t\t\t\t<\/div>\n\t\t\t\t<div class=\"elementor-element elementor-element-58d0b4a7 as-side-slider elementor-widget-mobile__width-initial elementor-testimonial--skin-default elementor-testimonial--layout-image_inline elementor-testimonial--align-center elementor-arrows-yes elementor-pagination-type-bullets elementor-widget elementor-widget-testimonial-carousel\" data-id=\"58d0b4a7\" data-element_type=\"widget\" data-settings=\"{&quot;slides_per_view&quot;:&quot;5&quot;,&quot;space_between&quot;:{&quot;unit&quot;:&quot;px&quot;,&quot;size&quot;:30,&quot;sizes&quot;:[]},&quot;slides_per_view_tablet&quot;:&quot;3&quot;,&quot;space_between_tablet&quot;:{&quot;unit&quot;:&quot;px&quot;,&quot;size&quot;:20,&quot;sizes&quot;:[]},&quot;space_between_mobile&quot;:{&quot;unit&quot;:&quot;px&quot;,&quot;size&quot;:20,&quot;sizes&quot;:[]},&quot;slides_per_view_laptop&quot;:&quot;3&quot;,&quot;space_between_laptop&quot;:{&quot;unit&quot;:&quot;px&quot;,&quot;size&quot;:30,&quot;sizes&quot;:[]},&quot;slides_per_view_mobile&quot;:&quot;3&quot;,&quot;show_arrows&quot;:&quot;yes&quot;,&quot;pagination&quot;:&quot;bullets&quot;,&quot;speed&quot;:500,&quot;loop&quot;:&quot;yes&quot;,&quot;space_between_tablet_extra&quot;:{&quot;unit&quot;:&quot;px&quot;,&quot;size&quot;:10,&quot;sizes&quot;:[]},&quot;space_between_mobile_extra&quot;:{&quot;unit&quot;:&quot;px&quot;,&quot;size&quot;:10,&quot;sizes&quot;:[]}}\" data-widget_type=\"testimonial-carousel.default\">\n\t\t\t\t\t\t\t\t\t\t<div class=\"elementor-main-swiper swiper\" role=\"region\" aria-roledescription=\"carousel\" aria-label=\"Diapositive\">\n\t\t\t\t<div class=\"swiper-wrapper\">\n\t\t\t\t\t\t\t\t\t\t\t<div class=\"swiper-slide\" role=\"group\" aria-roledescription=\"slide\">\n\t\t\t\t\t\t\t\t\t<div class=\"elementor-testimonial\">\n\t\t\t\t\t\t<div class=\"elementor-testimonial__footer\">\n\t\t\t\t\t\t\t\t\t<div class=\"elementor-testimonial__image\">\n\t\t\t\t\t\t<img decoding=\"async\" src=\"https:\/\/dericci.com\/wp-content\/uploads\/2025\/11\/About_Us_Small-1.jpeg\" alt=\"est. 2006\">\n\t\t\t\t\t\t\t\t\t\t\t<\/div>\n\t\t\t\t\t\t\t\t<cite class=\"elementor-testimonial__cite\"><span class=\"elementor-testimonial__name\">est. 2006<\/span><span class=\"elementor-testimonial__title\">Milano<\/span><\/cite>\t\t\t<\/div>\n\t\t<\/div>\n\t\t\t\t\t\t\t\t<\/div>\n\t\t\t\t\t\t\t\t\t\t\t<div class=\"swiper-slide\" role=\"group\" aria-roledescription=\"slide\">\n\t\t\t\t\t\t\t\t\t<div class=\"elementor-testimonial\">\n\t\t\t\t\t\t<div class=\"elementor-testimonial__footer\">\n\t\t\t\t\t\t\t\t\t<div class=\"elementor-testimonial__image\">\n\t\t\t\t\t\t<img decoding=\"async\" src=\"https:\/\/dericci.com\/wp-content\/uploads\/2025\/11\/About_Us_Small-2.jpeg\" alt=\"Artistry, Innovation.\">\n\t\t\t\t\t\t\t\t\t\t\t<\/div>\n\t\t\t\t\t\t\t\t<cite class=\"elementor-testimonial__cite\"><span class=\"elementor-testimonial__name\">Arte, innovazione.<\/span><span class=\"elementor-testimonial__title\">alleanza con il design.<\/span><\/cite>\t\t\t<\/div>\n\t\t<\/div>\n\t\t\t\t\t\t\t\t<\/div>\n\t\t\t\t\t\t\t\t\t\t\t<div class=\"swiper-slide\" role=\"group\" aria-roledescription=\"slide\">\n\t\t\t\t\t\t\t\t\t<div class=\"elementor-testimonial\">\n\t\t\t\t\t\t<div class=\"elementor-testimonial__footer\">\n\t\t\t\t\t\t\t\t\t<div class=\"elementor-testimonial__image\">\n\t\t\t\t\t\t<img decoding=\"async\" src=\"https:\/\/dericci.com\/wp-content\/uploads\/2025\/11\/about_us_small4.jpeg\" alt=\"Transforming\">\n\t\t\t\t\t\t\t\t\t\t\t<\/div>\n\t\t\t\t\t\t\t\t<cite class=\"elementor-testimonial__cite\"><span class=\"elementor-testimonial__name\">Trasformare<\/span><span class=\"elementor-testimonial__title\">Il metallo nella memoria.<\/span><\/cite>\t\t\t<\/div>\n\t\t<\/div>\n\t\t\t\t\t\t\t\t<\/div>\n\t\t\t\t\t\t\t\t\t\t\t<div class=\"swiper-slide\" role=\"group\" aria-roledescription=\"slide\">\n\t\t\t\t\t\t\t\t\t<div class=\"elementor-testimonial\">\n\t\t\t\t\t\t<div class=\"elementor-testimonial__footer\">\n\t\t\t\t\t\t\t\t\t<div class=\"elementor-testimonial__image\">\n\t\t\t\t\t\t<img decoding=\"async\" src=\"https:\/\/dericci.com\/wp-content\/uploads\/2025\/11\/about_us_small3.jpeg\" alt=\"Heritage\">\n\t\t\t\t\t\t\t\t\t\t\t<\/div>\n\t\t\t\t\t\t\t\t<cite class=\"elementor-testimonial__cite\"><span class=\"elementor-testimonial__name\">Patrimonio<\/span><span class=\"elementor-testimonial__title\">in ogni maniglia<\/span><\/cite>\t\t\t<\/div>\n\t\t<\/div>\n\t\t\t\t\t\t\t\t<\/div>\n\t\t\t\t\t\t\t\t\t\t\t<div class=\"swiper-slide\" role=\"group\" aria-roledescription=\"slide\">\n\t\t\t\t\t\t\t\t\t<div class=\"elementor-testimonial\">\n\t\t\t\t\t\t<div class=\"elementor-testimonial__footer\">\n\t\t\t\t\t\t\t\t\t<div class=\"elementor-testimonial__image\">\n\t\t\t\t\t\t<img decoding=\"async\" src=\"https:\/\/dericci.com\/wp-content\/uploads\/2025\/11\/about_us_small5.jpeg\" alt=\"Decoration\">\n\t\t\t\t\t\t\t\t\t\t\t<\/div>\n\t\t\t\t\t\t\t\t<cite class=\"elementor-testimonial__cite\"><span class=\"elementor-testimonial__name\">Decorazione<\/span><span class=\"elementor-testimonial__title\">\u00e8 un design senza scopo<\/span><\/cite>\t\t\t<\/div>\n\t\t<\/div>\n\t\t\t\t\t\t\t\t<\/div>\n\t\t\t\t\t\t\t\t\t<\/div>\n\t\t\t\t\t\t\t\t\t\t\t\t\t\t\t<div class=\"elementor-swiper-button elementor-swiper-button-prev\" role=\"button\" tabindex=\"0\" aria-label=\"Precedente\" data-no-translation-aria-label=\"\">\n\t\t\t\t\t\t\t<svg aria-hidden=\"true\" class=\"e-font-icon-svg e-eicon-chevron-left\" viewbox=\"0 0 1000 1000\" xmlns=\"http:\/\/www.w3.org\/2000\/svg\"><path d=\"M646 125C629 125 613 133 604 142L308 442C296 454 292 471 292 487 292 504 296 521 308 533L604 854C617 867 629 875 646 875 663 875 679 871 692 858 704 846 713 829 713 812 713 796 708 779 692 767L438 487 692 225C700 217 708 204 708 187 708 171 704 154 692 142 675 129 663 125 646 125Z\"><\/path><\/svg>\t\t\t\t\t\t<\/div>\n\t\t\t\t\t\t<div class=\"elementor-swiper-button elementor-swiper-button-next\" role=\"button\" tabindex=\"0\" aria-label=\"Successivo\" data-no-translation-aria-label=\"\">\n\t\t\t\t\t\t\t<svg aria-hidden=\"true\" class=\"e-font-icon-svg e-eicon-chevron-right\" viewbox=\"0 0 1000 1000\" xmlns=\"http:\/\/www.w3.org\/2000\/svg\"><path d=\"M696 533C708 521 713 504 713 487 713 471 708 454 696 446L400 146C388 133 375 125 354 125 338 125 325 129 313 142 300 154 292 171 292 187 292 204 296 221 308 233L563 492 304 771C292 783 288 800 288 817 288 833 296 850 308 863 321 871 338 875 354 875 371 875 388 867 400 854L696 533Z\"><\/path><\/svg>\t\t\t\t\t\t<\/div>\n\t\t\t\t\t\t\t\t\t\t\t\t\t\t\t\t<div class=\"swiper-pagination\"><\/div>\n\t\t\t\t\t\t\t\t\t\t\t\t<\/div>\n\t\t\t\t\t\t\t\t<\/div>\n\t\t\t\t<section class=\"elementor-section elementor-inner-section elementor-element elementor-element-6279949 elementor-section-boxed elementor-section-height-default elementor-section-height-default\" data-id=\"6279949\" data-element_type=\"section\">\n\t\t\t\t\t\t<div class=\"elementor-container elementor-column-gap-no\">\n\t\t\t\t\t<div class=\"elementor-column elementor-col-100 elementor-top-column elementor-element elementor-element-621f4480\" data-id=\"621f4480\" data-element_type=\"column\">\n\t\t\t<div class=\"elementor-widget-wrap elementor-element-populated\">\n\t\t\t\t\t\t<div class=\"elementor-element elementor-element-6828ae66 as-slider-left elementor-absolute elementor-widget__width-auto elementor-button-default elementor-widget elementor-widget-button\" data-id=\"6828ae66\" data-element_type=\"widget\" data-settings=\"{&quot;_position&quot;:&quot;absolute&quot;}\" data-widget_type=\"button.default\">\n\t\t\t\t\t\t\t\t\t\t<a class=\"elementor-button elementor-button-link elementor-size-sm\" href=\"#\">\n\t\t\t\t\t\t<span class=\"elementor-button-content-wrapper\">\n\t\t\t\t\t\t<span class=\"elementor-button-icon\">\n\t\t\t\t<svg aria-hidden=\"true\" class=\"e-font-icon-svg e-fas-arrow-left\" viewbox=\"0 0 448 512\" xmlns=\"http:\/\/www.w3.org\/2000\/svg\"><path d=\"M257.5 445.1l-22.2 22.2c-9.4 9.4-24.6 9.4-33.9 0L7 273c-9.4-9.4-9.4-24.6 0-33.9L201.4 44.7c9.4-9.4 24.6-9.4 33.9 0l22.2 22.2c9.5 9.5 9.3 25-.4 34.3L136.6 216H424c13.3 0 24 10.7 24 24v32c0 13.3-10.7 24-24 24H136.6l120.5 114.8c9.8 9.3 10 24.8.4 34.3z\"><\/path><\/svg>\t\t\t<\/span>\n\t\t\t\t\t\t\t\t<\/span>\n\t\t\t\t\t<\/a>\n\t\t\t\t\t\t\t\t<\/div>\n\t\t\t\t<div class=\"elementor-element elementor-element-62bdebc0 as-slider-right elementor-absolute elementor-widget__width-auto elementor-button-default elementor-widget elementor-widget-button\" data-id=\"62bdebc0\" data-element_type=\"widget\" data-settings=\"{&quot;_position&quot;:&quot;absolute&quot;}\" data-widget_type=\"button.default\">\n\t\t\t\t\t\t\t\t\t\t<a class=\"elementor-button elementor-button-link elementor-size-sm\" href=\"#\">\n\t\t\t\t\t\t<span class=\"elementor-button-content-wrapper\">\n\t\t\t\t\t\t<span class=\"elementor-button-icon\">\n\t\t\t\t<svg aria-hidden=\"true\" class=\"e-font-icon-svg e-fas-arrow-right\" viewbox=\"0 0 448 512\" xmlns=\"http:\/\/www.w3.org\/2000\/svg\"><path d=\"M190.5 66.9l22.2-22.2c9.4-9.4 24.6-9.4 33.9 0L441 239c9.4 9.4 9.4 24.6 0 33.9L246.6 467.3c-9.4 9.4-24.6 9.4-33.9 0l-22.2-22.2c-9.5-9.5-9.3-25 .4-34.3L311.4 296H24c-13.3 0-24-10.7-24-24v-32c0-13.3 10.7-24 24-24h287.4L190.9 101.2c-9.8-9.3-10-24.8-.4-34.3z\"><\/path><\/svg>\t\t\t<\/span>\n\t\t\t\t\t\t\t\t<\/span>\n\t\t\t\t\t<\/a>\n\t\t\t\t\t\t\t\t<\/div>\n\t\t\t\t\t<\/div>\n\t\t<\/div>\n\t\t\t\t\t<\/div>\n\t\t<\/section>\n\t\t\t\t\t<\/div>\n\t\t<\/div>\n\t\t\t\t\t<\/div>\n\t\t<\/section>\n\t\t\t\t<\/div>","protected":false},"excerpt":{"rendered":"<p>Born in Milan. Vision Mission Value Art Meets Functionality Founded in 2006 in the design capital of Milan, DeRicci is the result of one bold idea: that the most intimate spaces in our lives deserve objects of art. DeRicci crafts faucets, sinks, bathtubs, and shower systems that balance timeless form with modern function. We envision <a class=\"more-link\" href=\"https:\/\/dericci.com\/it\/about-us\/\">Per saperne di pi\u00f9<span class=\"screen-reader-text\"> about About Us<\/span><\/a><\/p>","protected":false},"author":1,"featured_media":0,"parent":0,"menu_order":0,"comment_status":"closed","ping_status":"closed","template":"","meta":{"_acf_changed":false,"inline_featured_image":false,"footnotes":""},"class_list":["post-20319","page","type-page","status-publish","hentry"],"acf":[],"_links":{"self":[{"href":"https:\/\/dericci.com\/it\/wp-json\/wp\/v2\/pages\/20319","targetHints":{"allow":["GET"]}}],"collection":[{"href":"https:\/\/dericci.com\/it\/wp-json\/wp\/v2\/pages"}],"about":[{"href":"https:\/\/dericci.com\/it\/wp-json\/wp\/v2\/types\/page"}],"author":[{"embeddable":true,"href":"https:\/\/dericci.com\/it\/wp-json\/wp\/v2\/users\/1"}],"replies":[{"embeddable":true,"href":"https:\/\/dericci.com\/it\/wp-json\/wp\/v2\/comments?post=20319"}],"version-history":[{"count":36,"href":"https:\/\/dericci.com\/it\/wp-json\/wp\/v2\/pages\/20319\/revisions"}],"predecessor-version":[{"id":20950,"href":"https:\/\/dericci.com\/it\/wp-json\/wp\/v2\/pages\/20319\/revisions\/20950"}],"wp:attachment":[{"href":"https:\/\/dericci.com\/it\/wp-json\/wp\/v2\/media?parent=20319"}],"curies":[{"name":"wp","href":"https:\/\/api.w.org\/{rel}","templated":true}]}}