{"id":21274,"date":"2026-02-12T12:34:07","date_gmt":"2026-02-12T08:34:07","guid":{"rendered":"https:\/\/dericci.com\/?post_type=product&#038;p=21274"},"modified":"2026-02-12T13:57:40","modified_gmt":"2026-02-12T09:57:40","slug":"dericci-hmsb3640r10-professional-series-kitchen-sink-stainless-steel-65x51x21","status":"publish","type":"product","link":"https:\/\/dericci.com\/it\/prodotto\/dericci-hmsb3640r10-professional-series-kitchen-sink-stainless-steel-65x51x21\/","title":{"rendered":"DeRicci HMSB3640R10SS Lavello serie Professional - Acciaio inox 65x51x21"},"content":{"rendered":"<p class=\"ng-star-inserted\"><strong class=\"ng-star-inserted\"><span class=\"ng-star-inserted\">Lavello DeRicci serie Professional - HMSB3640R10<\/span><\/strong><\/p>\n<p class=\"ng-star-inserted\"><span class=\"ng-star-inserted\">La Serie Professional HMSB3640R10 di DeRicci unisce l'utilit\u00e0 classica all'ingegneria moderna. Questo pratico lavello a una vasca con scolapiatti integrato \u00e8 realizzato in acciaio inox lucido e di grosso calibro, per offrire l'eleganza e l'igiene durature richieste da una cucina molto frequentata. \u00c8 stato progettato per essere il complemento perfetto per le case che apprezzano l'efficienza.<\/span><\/p>\n<p class=\"ng-star-inserted\"><span class=\"ng-star-inserted\">Il sistema snello <\/span><strong class=\"ng-star-inserted\"><span class=\"ng-star-inserted\">65x51cm<\/span><\/strong><span class=\"ng-star-inserted\"> footprint \u00e8 stato progettato per le cucine pi\u00f9 piccole o per gli spazi di servizio in cui la funzionalit\u00e0 \u00e8 fondamentale. \u00c8 dotato di uno spazioso <\/span><strong class=\"ng-star-inserted\"><span class=\"ng-star-inserted\">Vaschetta di lavaggio extra-profonda da 21 cm<\/span><\/strong><span class=\"ng-star-inserted\"> accanto a un comodo sistema integrato di <\/span><strong class=\"ng-star-inserted\"><span class=\"ng-star-inserted\">pannello di drenaggio in acciaio inox<\/span><\/strong><span class=\"ng-star-inserted\">, per asciugare le stoviglie, scolare i prodotti o appoggiare le pentole calde senza ingombrare il piano di lavoro.<\/span><\/p>\n<p class=\"ng-star-inserted\"><span class=\"ng-star-inserted\">Il design \u00e8 realizzato con precisione <\/span><strong class=\"ng-star-inserted\"><span class=\"ng-star-inserted\">R10 angoli a raggio stretto<\/span><\/strong><span class=\"ng-star-inserted\">, Il lavello ha un aspetto geometrico e deciso che massimizza il volume della vasca e si pulisce con facilit\u00e0. Il piano del lavello \u00e8 impreziosito da un coperchio di scarico rotondo di marca, che si colloca a filo, nascondendo i raccordi di scarico per un aspetto snello e professionale.<\/span><\/p>\n<p class=\"ng-star-inserted\"><strong class=\"ng-star-inserted\"><span class=\"ng-star-inserted\">Caratteristiche principali:<\/span><\/strong><\/p>\n<ul class=\"ng-star-inserted\">\n<li class=\"ng-star-inserted\">\n<p class=\"ng-star-inserted\"><strong class=\"ng-star-inserted\"><span class=\"ng-star-inserted\">Acciaio inossidabile classico:<\/span><\/strong><span class=\"ng-star-inserted\"> Realizzato in acciaio inossidabile di alta qualit\u00e0 con finitura spazzolata che resiste alla ruggine, alle macchie e alla corrosione, garantisce una lucentezza duratura e un facile coordinamento con gli elettrodomestici.<\/span><\/p>\n<\/li>\n<li class=\"ng-star-inserted\">\n<p class=\"ng-star-inserted\"><strong class=\"ng-star-inserted\"><span class=\"ng-star-inserted\">Lavello integrato:<\/span><\/strong><span class=\"ng-star-inserted\"> Una zona di asciugatura laterale dedicata tiene l'acqua lontana dai piani di lavoro e offre uno spazio pratico per la preparazione e l'asciugatura.<\/span><\/p>\n<\/li>\n<li class=\"ng-star-inserted\">\n<p class=\"ng-star-inserted\"><strong class=\"ng-star-inserted\"><span class=\"ng-star-inserted\">Compatto e profondo:<\/span><\/strong><span class=\"ng-star-inserted\"> Il <\/span><strong class=\"ng-star-inserted\"><span class=\"ng-star-inserted\">65 cm di larghezza totale<\/span><\/strong><span class=\"ng-star-inserted\"> si adatta facilmente agli spazi pi\u00f9 stretti, mentre il <\/span><strong class=\"ng-star-inserted\"><span class=\"ng-star-inserted\">Ciotola profonda 21 cm<\/span><\/strong><span class=\"ng-star-inserted\"> garantisce di non sacrificare la capacit\u00e0 di lavaggio per i capi pi\u00f9 grandi.<\/span><\/p>\n<\/li>\n<li class=\"ng-star-inserted\">\n<p class=\"ng-star-inserted\"><strong class=\"ng-star-inserted\"><span class=\"ng-star-inserted\">Design geometrico contemporaneo:<\/span><\/strong> <strong class=\"ng-star-inserted\"><span class=\"ng-star-inserted\">R10 angoli a raggio stretto<\/span><\/strong><span class=\"ng-star-inserted\"> offrono una silhouette elegante e moderna che semplifica la manutenzione e previene l'accumulo di detriti.<\/span><\/p>\n<\/li>\n<li class=\"ng-star-inserted\">\n<p class=\"ng-star-inserted\"><strong class=\"ng-star-inserted\"><span class=\"ng-star-inserted\">Coperchio di scarico di design:<\/span><\/strong><span class=\"ng-star-inserted\"> Include un coperchio di scarico rotondo rimovibile, da incasso, con il logo DeRicci, per un look sofisticato e senza soluzione di continuit\u00e0.<\/span><\/p>\n<\/li>\n<li class=\"ng-star-inserted\">\n<p class=\"ng-star-inserted\"><strong class=\"ng-star-inserted\"><span class=\"ng-star-inserted\">Ponte a doppio foro:<\/span><\/strong><span class=\"ng-star-inserted\"> Preforato con due fori per accogliere perfettamente il rubinetto della cucina e un accessorio come un dispenser di sapone o un interruttore ad aria.<\/span><\/p>\n<\/li>\n<li class=\"ng-star-inserted\">\n<p class=\"ng-star-inserted\"><strong class=\"ng-star-inserted\"><span class=\"ng-star-inserted\">Versatile Dimensioni:<\/span><\/strong><span class=\"ng-star-inserted\"> Dimensione complessiva di <\/span><strong class=\"ng-star-inserted\"><span class=\"ng-star-inserted\">65x51cm<\/span><\/strong><span class=\"ng-star-inserted\"> \u00e8 la soluzione perfetta per appartamenti, isole o ripostigli.<\/span><\/p>\n<\/li>\n<\/ul>","protected":false},"excerpt":{"rendered":"<p>DeRicci Professional Series Kitchen Sink &#8211; HMSB3640R10 Combine classic utility with modern engineering in the DeRicci Professional Series HMSB3640R10. This practical single-bowl sink with an integrated drainer is crafted from lustrous, heavy-gauge stainless steel, offering the enduring elegance and hygiene required for a busy kitchen. It is designed to be the perfect hardworking addition to <a class=\"more-link\" href=\"https:\/\/dericci.com\/it\/prodotto\/dericci-hmsb3640r10-professional-series-kitchen-sink-stainless-steel-65x51x21\/\">Per saperne di pi\u00f9<span class=\"screen-reader-text\"> about DeRicci HMSB3640R10SS Professional Series Kitchen Sink &#8211; Stainless Steel 65x51x21<\/span><\/a><\/p>","protected":false},"featured_media":21276,"template":"","meta":{"_acf_changed":false,"inline_featured_image":false},"product_cat":[80,81],"product_tag":[],"class_list":{"0":"post-21274","1":"product","2":"type-product","3":"status-publish","4":"has-post-thumbnail","6":"product_cat-kitchen","7":"product_cat-kitchen-sink","9":"first","10":"instock","11":"shipping-taxable","12":"product-type-grouped"},"acf":[],"_links":{"self":[{"href":"https:\/\/dericci.com\/it\/wp-json\/wp\/v2\/product\/21274","targetHints":{"allow":["GET"]}}],"collection":[{"href":"https:\/\/dericci.com\/it\/wp-json\/wp\/v2\/product"}],"about":[{"href":"https:\/\/dericci.com\/it\/wp-json\/wp\/v2\/types\/product"}],"wp:featuredmedia":[{"embeddable":true,"href":"https:\/\/dericci.com\/it\/wp-json\/wp\/v2\/media\/21276"}],"wp:attachment":[{"href":"https:\/\/dericci.com\/it\/wp-json\/wp\/v2\/media?parent=21274"}],"wp:term":[{"taxonomy":"product_cat","embeddable":true,"href":"https:\/\/dericci.com\/it\/wp-json\/wp\/v2\/product_cat?post=21274"},{"taxonomy":"product_tag","embeddable":true,"href":"https:\/\/dericci.com\/it\/wp-json\/wp\/v2\/product_tag?post=21274"}],"curies":[{"name":"wp","href":"https:\/\/api.w.org\/{rel}","templated":true}]}}