{"id":21748,"date":"2026-02-16T17:26:08","date_gmt":"2026-02-16T13:26:08","guid":{"rendered":"https:\/\/dericci.com\/?post_type=product&#038;p=21748"},"modified":"2026-03-03T11:57:24","modified_gmt":"2026-03-03T07:57:24","slug":"dericci-de-1042h-mg-tall-single-handle-vessel-faucet-dark-gunmetal-italian-design","status":"publish","type":"product","link":"https:\/\/dericci.com\/it\/prodotto\/dericci-de-1042h-mg-tall-single-handle-vessel-faucet-dark-gunmetal-italian-design\/","title":{"rendered":"DeRicci DE-1042H-MG Rubinetto a monocomando alto per vaschetta - Design italiano canna di fucile scuro"},"content":{"rendered":"<p class=\"ng-star-inserted\"><span class=\"ng-star-inserted\">Introducete un tocco elegante e industriale nel vostro bagno con il modello <\/span><strong class=\"ng-star-inserted\"><span class=\"ng-star-inserted\">DeRicci DE-1042H<\/span><\/strong><span class=\"ng-star-inserted\"> in metallo scuro. Questo rubinetto per vasi di qualit\u00e0 superiore presenta una sofisticata finitura grigio scuro che rappresenta il perfetto equilibrio tra la luminosit\u00e0 del cromo e la profondit\u00e0 del nero opaco, offrendo un'estetica moderna e versatile.<\/span><\/p>\n<p class=\"ng-star-inserted\"><span class=\"ng-star-inserted\">Realizzato a mano in Italia, il modello DE-1042H \u00e8 alto per accogliere i lavelli da appoggio, offrendo uno spazio libero agevole e una silhouette architettonica di grande effetto. La maniglia minimalista a spillo consente di controllare con precisione e con una sola mano la temperatura e il flusso dell'acqua, assicurando che questo apparecchio sia tanto funzionale quanto elegante.<\/span><\/p>\n<p class=\"ng-star-inserted\"><strong class=\"ng-star-inserted\"><span class=\"ng-star-inserted\">Caratteristiche principali:<\/span><\/strong><\/p>\n<ul class=\"ng-star-inserted\">\n<li class=\"ng-star-inserted\">\n<p class=\"ng-star-inserted\"><strong class=\"ng-star-inserted\"><span class=\"ng-star-inserted\">Prodotto in Italia:<\/span><\/strong><span class=\"ng-star-inserted\"> Prodotto autenticamente in Italia, rappresenta l'apice del design e della qualit\u00e0 europea.<\/span><\/p>\n<\/li>\n<li class=\"ng-star-inserted\">\n<p class=\"ng-star-inserted\"><strong class=\"ng-star-inserted\"><span class=\"ng-star-inserted\">Finitura canna di fucile scuro:<\/span><\/strong><span class=\"ng-star-inserted\"> Una distintiva finitura metallica grigio scuro che conferisce un aspetto moderno e industriale e nasconde le macchie d'acqua.<\/span><\/p>\n<\/li>\n<li class=\"ng-star-inserted\">\n<p class=\"ng-star-inserted\"><strong class=\"ng-star-inserted\"><span class=\"ng-star-inserted\">Altezza del vaso:<\/span><\/strong><span class=\"ng-star-inserted\"> Il corpo allungato \u00e8 stato progettato specificamente per l'uso con i lavabi soprabanco.<\/span><\/p>\n<\/li>\n<li class=\"ng-star-inserted\">\n<p class=\"ng-star-inserted\"><strong class=\"ng-star-inserted\"><span class=\"ng-star-inserted\">Controllo minimalista:<\/span><\/strong><span class=\"ng-star-inserted\"> \u00c8 dotato di una leva singola sottile e facile da usare che mantiene il profilo pulito e tubolare del rubinetto.<\/span><\/p>\n<\/li>\n<\/ul>","protected":false},"excerpt":{"rendered":"<p>Introduce a sleek, industrial edge to your bathroom with the DeRicci DE-1042H in Dark Gunmetal. This premium vessel faucet features a sophisticated dark grey finish that strikes the perfect balance between the brightness of chrome and the depth of matte black, offering a modern, versatile aesthetic. Handcrafted in Italy, the DE-1042H stands tall to accommodate <a class=\"more-link\" href=\"https:\/\/dericci.com\/it\/prodotto\/dericci-de-1042h-mg-tall-single-handle-vessel-faucet-dark-gunmetal-italian-design\/\">Per saperne di pi\u00f9<span class=\"screen-reader-text\"> about DeRicci DE-1042H-MG Tall Single-Handle Vessel Faucet \u2013 Dark Gunmetal Italian Design<\/span><\/a><\/p>","protected":false},"featured_media":21749,"template":"","meta":{"_acf_changed":false,"inline_featured_image":false},"product_cat":[116],"product_tag":[],"class_list":{"0":"post-21748","1":"product","2":"type-product","3":"status-publish","4":"has-post-thumbnail","6":"product_cat-bathroomfaucet","8":"first","9":"instock","10":"shipping-taxable","11":"product-type-simple"},"acf":[],"_links":{"self":[{"href":"https:\/\/dericci.com\/it\/wp-json\/wp\/v2\/product\/21748","targetHints":{"allow":["GET"]}}],"collection":[{"href":"https:\/\/dericci.com\/it\/wp-json\/wp\/v2\/product"}],"about":[{"href":"https:\/\/dericci.com\/it\/wp-json\/wp\/v2\/types\/product"}],"wp:featuredmedia":[{"embeddable":true,"href":"https:\/\/dericci.com\/it\/wp-json\/wp\/v2\/media\/21749"}],"wp:attachment":[{"href":"https:\/\/dericci.com\/it\/wp-json\/wp\/v2\/media?parent=21748"}],"wp:term":[{"taxonomy":"product_cat","embeddable":true,"href":"https:\/\/dericci.com\/it\/wp-json\/wp\/v2\/product_cat?post=21748"},{"taxonomy":"product_tag","embeddable":true,"href":"https:\/\/dericci.com\/it\/wp-json\/wp\/v2\/product_tag?post=21748"}],"curies":[{"name":"wp","href":"https:\/\/api.w.org\/{rel}","templated":true}]}}