{"id":21844,"date":"2026-02-17T13:29:38","date_gmt":"2026-02-17T09:29:38","guid":{"rendered":"https:\/\/dericci.com\/?post_type=product&#038;p=21844"},"modified":"2026-02-17T13:31:07","modified_gmt":"2026-02-17T09:31:07","slug":"dericci-de-2901-mogy-single-handle-kitchen-faucet-matte-grey-italian-design","status":"publish","type":"product","link":"https:\/\/dericci.com\/it\/prodotto\/dericci-de-2901-mogy-single-handle-kitchen-faucet-matte-grey-italian-design\/","title":{"rendered":"DeRicci DE-2901-MOGY Rubinetto da cucina monocomando - Design italiano grigio opaco"},"content":{"rendered":"<p class=\"ng-star-inserted\"><span class=\"ng-star-inserted\">Il modello DeRicci DE-2901-MOGY in grigio opaco conferisce un aspetto fresco e contemporaneo al minimalismo. Questa finitura presenta una solida tonalit\u00e0 grigio medio con una texture liscia e vellutata. \u00c8 un perfetto neutro, che offre un'alternativa pi\u00f9 morbida e sobria al nero duro o al cromo brillante, e si abbina in modo eccezionale a piani di lavoro in cemento, pietra o materiali compositi.<\/span><\/p>\n<p class=\"ng-star-inserted\"><span class=\"ng-star-inserted\">Autenticamente progettato e prodotto in Italia, il DE-2901-MOGY conserva la classica architettura tubolare della collezione e la bocca a L ad arco alto. La forma cilindrica arrotondata aggiunge un tocco di morbidezza alla silhouette moderna, mentre la sottile maniglia a spillo montata lateralmente assicura un controllo preciso e senza sforzo del flusso e della temperatura dell'acqua.<\/span><\/p>\n<p class=\"ng-star-inserted\"><strong class=\"ng-star-inserted\"><span class=\"ng-star-inserted\">Caratteristiche principali:<\/span><\/strong><\/p>\n<ul class=\"ng-star-inserted\">\n<li class=\"ng-star-inserted\">\n<p class=\"ng-star-inserted\"><strong class=\"ng-star-inserted\"><span class=\"ng-star-inserted\">Prodotto in Italia:<\/span><\/strong><span class=\"ng-star-inserted\"> Realizzato con maestria in Italia, garantisce una qualit\u00e0 costruttiva superiore e un autentico design europeo.<\/span><\/p>\n<\/li>\n<li class=\"ng-star-inserted\">\n<p class=\"ng-star-inserted\"><strong class=\"ng-star-inserted\"><span class=\"ng-star-inserted\">Grigio opaco Finitura:<\/span><\/strong><span class=\"ng-star-inserted\"> Una superficie grigia vellutata e non riflettente che emana una moderna raffinatezza e resiste naturalmente alle impronte digitali e alle macchie d'acqua.<\/span><\/p>\n<\/li>\n<li class=\"ng-star-inserted\">\n<p class=\"ng-star-inserted\"><strong class=\"ng-star-inserted\"><span class=\"ng-star-inserted\">Bocchetta tubolare a L:<\/span><\/strong><span class=\"ng-star-inserted\"> Un versatile design cilindrico con arco alto, ideale per riempire le brocche e gestire le attivit\u00e0 quotidiane in cucina.<\/span><\/p>\n<\/li>\n<li class=\"ng-star-inserted\">\n<p class=\"ng-star-inserted\"><strong class=\"ng-star-inserted\"><span class=\"ng-star-inserted\">Impugnatura laterale ergonomica:<\/span><\/strong><span class=\"ng-star-inserted\"> La maniglia minimalista a leva singola \u00e8 posizionata sul lato per un funzionamento fluido e intuitivo e un aspetto pulito e privo di ingombri.<\/span><\/p>\n<\/li>\n<\/ul>","protected":false},"excerpt":{"rendered":"<p>Achieve a look of cool, contemporary minimalism with the DeRicci DE-2901-MOGY in Matte Grey. This finish features a solid, medium-grey hue with a smooth, velvety texture. It serves as a perfect neutral, offering a softer, more understated alternative to harsh black or bright chrome, and pairs exceptionally well with concrete, stone, or composite countertops. Authentically <a class=\"more-link\" href=\"https:\/\/dericci.com\/it\/prodotto\/dericci-de-2901-mogy-single-handle-kitchen-faucet-matte-grey-italian-design\/\">Per saperne di pi\u00f9<span class=\"screen-reader-text\"> about DeRicci DE-2901-MOGY Single-Handle Kitchen Faucet \u2013 Matte Grey Italian Design<\/span><\/a><\/p>","protected":false},"featured_media":21845,"template":"","meta":{"_acf_changed":false,"inline_featured_image":false},"product_cat":[82],"product_tag":[],"class_list":{"0":"post-21844","1":"product","2":"type-product","3":"status-publish","4":"has-post-thumbnail","6":"product_cat-kitchen-faucet","8":"first","9":"instock","10":"shipping-taxable","11":"product-type-simple"},"acf":[],"_links":{"self":[{"href":"https:\/\/dericci.com\/it\/wp-json\/wp\/v2\/product\/21844","targetHints":{"allow":["GET"]}}],"collection":[{"href":"https:\/\/dericci.com\/it\/wp-json\/wp\/v2\/product"}],"about":[{"href":"https:\/\/dericci.com\/it\/wp-json\/wp\/v2\/types\/product"}],"wp:featuredmedia":[{"embeddable":true,"href":"https:\/\/dericci.com\/it\/wp-json\/wp\/v2\/media\/21845"}],"wp:attachment":[{"href":"https:\/\/dericci.com\/it\/wp-json\/wp\/v2\/media?parent=21844"}],"wp:term":[{"taxonomy":"product_cat","embeddable":true,"href":"https:\/\/dericci.com\/it\/wp-json\/wp\/v2\/product_cat?post=21844"},{"taxonomy":"product_tag","embeddable":true,"href":"https:\/\/dericci.com\/it\/wp-json\/wp\/v2\/product_tag?post=21844"}],"curies":[{"name":"wp","href":"https:\/\/api.w.org\/{rel}","templated":true}]}}