{"id":21974,"date":"2026-02-20T14:16:40","date_gmt":"2026-02-20T10:16:40","guid":{"rendered":"https:\/\/dericci.com\/?post_type=product&#038;p=21974"},"modified":"2026-02-20T14:40:15","modified_gmt":"2026-02-20T10:40:15","slug":"dericci-thermostatic-dual-function-shower-column-de-5220f-bg-brushed-gold","status":"publish","type":"product","link":"https:\/\/dericci.com\/it\/prodotto\/dericci-thermostatic-dual-function-shower-column-de-5220f-bg-brushed-gold\/","title":{"rendered":"DeRicci Colonna doccia manuale a doppia funzione DE-5220F-BG - Oro spazzolato"},"content":{"rendered":"<p class=\"ng-star-inserted\"><span class=\"ng-star-inserted\">Elevate la vostra routine quotidiana con l'opulenza del sistema doccia manuale DeRicci Brushed Gold. Questo set emana un lusso di alto livello, caratterizzato da una ricca finitura dorata su un telaio cilindrico minimalista con una valvola manuale facile da usare.<\/span><\/p>\n<p class=\"ng-star-inserted\"><span class=\"ng-star-inserted\">Al di l\u00e0 dell'aspetto estetico, il sistema \u00e8 progettato per la praticit\u00e0. Il tubo in PVC antigroviglio in dotazione imita perfettamente l'aspetto dell'oro spazzolato, ma offre una superficie liscia che si pulisce all'istante, evitando l'accumulo di calcare tipico dei tubi metallici standard.<\/span><\/p>\n<p class=\"ng-star-inserted\"><strong class=\"ng-star-inserted\"><span class=\"ng-star-inserted\">Caratteristiche principali:<\/span><\/strong><\/p>\n<ul class=\"ng-star-inserted\">\n<li class=\"ng-star-inserted\">\n<p class=\"ng-star-inserted\"><strong class=\"ng-star-inserted\"><span class=\"ng-star-inserted\">Finitura:<\/span><\/strong><span class=\"ng-star-inserted\"> Oro ricco e spazzolato.<\/span><\/p>\n<\/li>\n<li class=\"ng-star-inserted\">\n<p class=\"ng-star-inserted\"><strong class=\"ng-star-inserted\"><span class=\"ng-star-inserted\">Design:<\/span><\/strong><span class=\"ng-star-inserted\"> Colonna rotonda minimalista con funzionamento manuale.<\/span><\/p>\n<\/li>\n<li class=\"ng-star-inserted\">\n<p class=\"ng-star-inserted\"><strong class=\"ng-star-inserted\"><span class=\"ng-star-inserted\">Igiene:<\/span><\/strong><span class=\"ng-star-inserted\"> Il tubo in PVC liscio impedisce l'accumulo di batteri e sporcizia.<\/span><\/p>\n<\/li>\n<li class=\"ng-star-inserted\">\n<p class=\"ng-star-inserted\"><strong class=\"ng-star-inserted\"><span class=\"ng-star-inserted\">Prestazioni:<\/span><\/strong><span class=\"ng-star-inserted\"> Risposta immediata alle regolazioni della temperatura.<\/span><\/p>\n<\/li>\n<li class=\"ng-star-inserted\">\n<p class=\"ng-star-inserted\"><strong class=\"ng-star-inserted\"><span class=\"ng-star-inserted\">Versatilit\u00e0:<\/span><\/strong><span class=\"ng-star-inserted\"> Altezza della guida regolabile per il microtelefono.<\/span><\/p>\n<\/li>\n<\/ul>","protected":false},"excerpt":{"rendered":"<p>Elevate your daily routine with the opulence of the DeRicci Brushed Gold Manual Shower System. This set exudes high-end luxury, featuring a rich, textured gold finish on a minimalist cylindrical frame with an easy-to-use manual valve. Beyond its stunning looks, the system is designed for practicality. The included anti-tangle PVC hose mimics the brushed gold <a class=\"more-link\" href=\"https:\/\/dericci.com\/it\/prodotto\/dericci-thermostatic-dual-function-shower-column-de-5220f-bg-brushed-gold\/\">Per saperne di pi\u00f9<span class=\"screen-reader-text\"> about DeRicci Manual Dual-Function Shower Column DE-5220F-BG \u2013 Brushed Gold<\/span><\/a><\/p>","protected":false},"featured_media":21967,"template":"","meta":{"_acf_changed":false,"inline_featured_image":false},"product_cat":[72],"product_tag":[],"class_list":{"0":"post-21974","1":"product","2":"type-product","3":"status-publish","4":"has-post-thumbnail","6":"product_cat-shower-sets","8":"first","9":"instock","10":"shipping-taxable","11":"product-type-simple"},"acf":[],"_links":{"self":[{"href":"https:\/\/dericci.com\/it\/wp-json\/wp\/v2\/product\/21974","targetHints":{"allow":["GET"]}}],"collection":[{"href":"https:\/\/dericci.com\/it\/wp-json\/wp\/v2\/product"}],"about":[{"href":"https:\/\/dericci.com\/it\/wp-json\/wp\/v2\/types\/product"}],"wp:featuredmedia":[{"embeddable":true,"href":"https:\/\/dericci.com\/it\/wp-json\/wp\/v2\/media\/21967"}],"wp:attachment":[{"href":"https:\/\/dericci.com\/it\/wp-json\/wp\/v2\/media?parent=21974"}],"wp:term":[{"taxonomy":"product_cat","embeddable":true,"href":"https:\/\/dericci.com\/it\/wp-json\/wp\/v2\/product_cat?post=21974"},{"taxonomy":"product_tag","embeddable":true,"href":"https:\/\/dericci.com\/it\/wp-json\/wp\/v2\/product_tag?post=21974"}],"curies":[{"name":"wp","href":"https:\/\/api.w.org\/{rel}","templated":true}]}}