{"id":22022,"date":"2026-02-20T17:33:31","date_gmt":"2026-02-20T13:33:31","guid":{"rendered":"https:\/\/dericci.com\/?post_type=product&#038;p=22022"},"modified":"2026-02-20T17:34:04","modified_gmt":"2026-02-20T13:34:04","slug":"dericci-concealed-manual-shower-system-de-520-gm-gunmetal","status":"publish","type":"product","link":"https:\/\/dericci.com\/it\/prodotto\/dericci-concealed-manual-shower-system-de-520-gm-gunmetal\/","title":{"rendered":"Sistema doccia manuale a scomparsa DeRicci DE-520-GM - Metallo a canna di fucile"},"content":{"rendered":"<p class=\"ng-star-inserted\"><span class=\"ng-star-inserted\">Abbracciate la tendenza dei toni scuri con il sistema a scomparsa DeRicci DE-520 Gunmetal. Questa sofisticata finitura grigia offre una lucentezza metallica che aggiunge profondit\u00e0 e drammaticit\u00e0 al bagno senza la severit\u00e0 del nero puro.<\/span><\/p>\n<p class=\"ng-star-inserted\"><span class=\"ng-star-inserted\">L'installazione a scomparsa offre una finitura architettonica di alto livello. Abbinato a un resistente tubo in PVC liscio color canna di fucile, il sistema \u00e8 progettato per resistere all'uso quotidiano, evitando i graffi e l'usura spesso causati dai tubi metallici abrasivi.<\/span><\/p>\n<p class=\"ng-star-inserted\"><strong class=\"ng-star-inserted\"><span class=\"ng-star-inserted\">Caratteristiche principali:<\/span><\/strong><\/p>\n<ul class=\"ng-star-inserted\">\n<li class=\"ng-star-inserted\">\n<p class=\"ng-star-inserted\"><strong class=\"ng-star-inserted\"><span class=\"ng-star-inserted\">Finitura:<\/span><\/strong><span class=\"ng-star-inserted\"> Metallo lucido \/ Grafite scuro.<\/span><\/p>\n<\/li>\n<li class=\"ng-star-inserted\">\n<p class=\"ng-star-inserted\"><strong class=\"ng-star-inserted\"><span class=\"ng-star-inserted\">Stile:<\/span><\/strong><span class=\"ng-star-inserted\"> Eleganza industriale urbana con valvola nascosta.<\/span><\/p>\n<\/li>\n<li class=\"ng-star-inserted\">\n<p class=\"ng-star-inserted\"><strong class=\"ng-star-inserted\"><span class=\"ng-star-inserted\">Tubo flessibile:<\/span><\/strong><span class=\"ng-star-inserted\"> PVC liscio rinforzato (antipiega e antigraffio).<\/span><\/p>\n<\/li>\n<li class=\"ng-star-inserted\">\n<p class=\"ng-star-inserted\"><strong class=\"ng-star-inserted\"><span class=\"ng-star-inserted\">Doppia funzione:<\/span><\/strong><span class=\"ng-star-inserted\"> Il deviatore passa dalla testa al ricevitore.<\/span><\/p>\n<\/li>\n<li class=\"ng-star-inserted\">\n<p class=\"ng-star-inserted\"><strong class=\"ng-star-inserted\"><span class=\"ng-star-inserted\">Qualit\u00e0:<\/span><\/strong><span class=\"ng-star-inserted\"> Costruzione della valvola in ottone massiccio.<\/span><\/p>\n<\/li>\n<\/ul>","protected":false},"excerpt":{"rendered":"<p>Embrace the trend for darker tones with the DeRicci DE-520 Gunmetal Concealed System. This sophisticated grey finish offers a high-gloss metallic sheen that adds depth and drama to your bathroom without the severity of pure black. The concealed installation provides a high-end, architectural finish. Paired with a durable Gunmetal Smooth PVC hose, the system is <a class=\"more-link\" href=\"https:\/\/dericci.com\/it\/prodotto\/dericci-concealed-manual-shower-system-de-520-gm-gunmetal\/\">Per saperne di pi\u00f9<span class=\"screen-reader-text\"> about DeRicci Concealed Manual Shower System DE-520-GM \u2013 Gunmetal<\/span><\/a><\/p>","protected":false},"featured_media":22015,"template":"","meta":{"_acf_changed":false,"inline_featured_image":false},"product_cat":[72],"product_tag":[],"class_list":{"0":"post-22022","1":"product","2":"type-product","3":"status-publish","4":"has-post-thumbnail","6":"product_cat-shower-sets","8":"first","9":"instock","10":"shipping-taxable","11":"product-type-simple"},"acf":[],"_links":{"self":[{"href":"https:\/\/dericci.com\/it\/wp-json\/wp\/v2\/product\/22022","targetHints":{"allow":["GET"]}}],"collection":[{"href":"https:\/\/dericci.com\/it\/wp-json\/wp\/v2\/product"}],"about":[{"href":"https:\/\/dericci.com\/it\/wp-json\/wp\/v2\/types\/product"}],"wp:featuredmedia":[{"embeddable":true,"href":"https:\/\/dericci.com\/it\/wp-json\/wp\/v2\/media\/22015"}],"wp:attachment":[{"href":"https:\/\/dericci.com\/it\/wp-json\/wp\/v2\/media?parent=22022"}],"wp:term":[{"taxonomy":"product_cat","embeddable":true,"href":"https:\/\/dericci.com\/it\/wp-json\/wp\/v2\/product_cat?post=22022"},{"taxonomy":"product_tag","embeddable":true,"href":"https:\/\/dericci.com\/it\/wp-json\/wp\/v2\/product_tag?post=22022"}],"curies":[{"name":"wp","href":"https:\/\/api.w.org\/{rel}","templated":true}]}}