{"id":22046,"date":"2026-02-23T12:40:27","date_gmt":"2026-02-23T08:40:27","guid":{"rendered":"https:\/\/dericci.com\/?post_type=product&#038;p=22046"},"modified":"2026-02-23T12:40:28","modified_gmt":"2026-02-23T08:40:28","slug":"dericci-wall-mounted-soap-holder-de-5685f-bb-brushed-brass","status":"publish","type":"product","link":"https:\/\/dericci.com\/it\/prodotto\/dericci-wall-mounted-soap-holder-de-5685f-bb-brushed-brass\/","title":{"rendered":"Porta sapone da parete DeRicci DE-5685F-BB - Ottone spazzolato"},"content":{"rendered":"<p class=\"ng-star-inserted\"><span class=\"ng-star-inserted\">Aggiungete un tocco di calore e organizzazione alla vostra zona lavabo con il portasapone DeRicci in ottone spazzolato. Questo accessorio \u00e8 caratterizzato da un piatto in vetro smerigliato di prima qualit\u00e0 incastonato in una robusta struttura in ottone caldo, che unisce praticit\u00e0 ed eleganza.<\/span><\/p>\n<p class=\"ng-star-inserted\"><span class=\"ng-star-inserted\">Il vassoio quadrato e profondo \u00e8 progettato con creste interne per mantenere il sapone duro asciutto e igienico. In alternativa, il robusto design a parete funge da sottobicchiere rialzato per i flaconi di sapone liquido di lusso, mantenendo i piani di lavoro puliti e privi di residui appiccicosi.<\/span><\/p>\n<p class=\"ng-star-inserted\"><strong class=\"ng-star-inserted\"><span class=\"ng-star-inserted\">Caratteristiche principali:<\/span><\/strong><\/p>\n<ul class=\"ng-star-inserted\">\n<li class=\"ng-star-inserted\">\n<p class=\"ng-star-inserted\"><strong class=\"ng-star-inserted\"><span class=\"ng-star-inserted\">Finitura:<\/span><\/strong><span class=\"ng-star-inserted\"> Lussuoso ottone spazzolato.<\/span><\/p>\n<\/li>\n<li class=\"ng-star-inserted\">\n<p class=\"ng-star-inserted\"><strong class=\"ng-star-inserted\"><span class=\"ng-star-inserted\">Versatilit\u00e0:<\/span><\/strong><span class=\"ng-star-inserted\"> Progettato per distributori di sapone duro o liquido.<\/span><\/p>\n<\/li>\n<li class=\"ng-star-inserted\">\n<p class=\"ng-star-inserted\"><strong class=\"ng-star-inserted\"><span class=\"ng-star-inserted\">Materiale:<\/span><\/strong><span class=\"ng-star-inserted\"> Inserto in vetro smerigliato per impieghi gravosi con supporto in ottone.<\/span><\/p>\n<\/li>\n<li class=\"ng-star-inserted\">\n<p class=\"ng-star-inserted\"><strong class=\"ng-star-inserted\"><span class=\"ng-star-inserted\">Igiene:<\/span><\/strong><span class=\"ng-star-inserted\"> Le creste interne rialzate consentono la circolazione dell'aria intorno al sapone.<\/span><\/p>\n<\/li>\n<li class=\"ng-star-inserted\">\n<p class=\"ng-star-inserted\"><strong class=\"ng-star-inserted\"><span class=\"ng-star-inserted\">Installazione:<\/span><\/strong><span class=\"ng-star-inserted\"> Montato a parete con fissaggi nascosti per un look pulito.<\/span><\/p>\n<\/li>\n<\/ul>","protected":false},"excerpt":{"rendered":"<p>Add a touch of warmth and organization to your basin area with the DeRicci Brushed Brass Soap Holder. This accessory features a premium frosted glass dish nestled within a robust, warm brass frame, combining practicality with elegance. The deep square tray is designed with internal ridges to keep hard soap dry and hygienic. Alternatively, the <a class=\"more-link\" href=\"https:\/\/dericci.com\/it\/prodotto\/dericci-wall-mounted-soap-holder-de-5685f-bb-brushed-brass\/\">Per saperne di pi\u00f9<span class=\"screen-reader-text\"> about DeRicci Wall-Mounted Soap Holder DE-5685F-BB \u2013 Brushed Brass<\/span><\/a><\/p>","protected":false},"featured_media":22048,"template":"","meta":{"_acf_changed":false,"inline_featured_image":false},"product_cat":[130],"product_tag":[],"class_list":{"0":"post-22046","1":"product","2":"type-product","3":"status-publish","4":"has-post-thumbnail","6":"product_cat-hard-and-liquid-soap","8":"first","9":"instock","10":"shipping-taxable","11":"product-type-simple"},"acf":[],"_links":{"self":[{"href":"https:\/\/dericci.com\/it\/wp-json\/wp\/v2\/product\/22046","targetHints":{"allow":["GET"]}}],"collection":[{"href":"https:\/\/dericci.com\/it\/wp-json\/wp\/v2\/product"}],"about":[{"href":"https:\/\/dericci.com\/it\/wp-json\/wp\/v2\/types\/product"}],"wp:featuredmedia":[{"embeddable":true,"href":"https:\/\/dericci.com\/it\/wp-json\/wp\/v2\/media\/22048"}],"wp:attachment":[{"href":"https:\/\/dericci.com\/it\/wp-json\/wp\/v2\/media?parent=22046"}],"wp:term":[{"taxonomy":"product_cat","embeddable":true,"href":"https:\/\/dericci.com\/it\/wp-json\/wp\/v2\/product_cat?post=22046"},{"taxonomy":"product_tag","embeddable":true,"href":"https:\/\/dericci.com\/it\/wp-json\/wp\/v2\/product_tag?post=22046"}],"curies":[{"name":"wp","href":"https:\/\/api.w.org\/{rel}","templated":true}]}}