{"id":22064,"date":"2026-02-23T13:45:52","date_gmt":"2026-02-23T09:45:52","guid":{"rendered":"https:\/\/dericci.com\/?post_type=product&#038;p=22064"},"modified":"2026-02-23T13:47:03","modified_gmt":"2026-02-23T09:47:03","slug":"dericci-wall-mounted-soap-holder-de-5685f-pb-polished-black","status":"publish","type":"product","link":"https:\/\/dericci.com\/it\/prodotto\/dericci-wall-mounted-soap-holder-de-5685f-pb-polished-black\/","title":{"rendered":"Porta sapone da parete DeRicci DE-5685F-PB - Nero lucido"},"content":{"rendered":"<p class=\"ng-star-inserted\"><span class=\"ng-star-inserted\">Per una finitura che emana lusso e drammaticit\u00e0, scegliete il portasapone nero lucido DeRicci. Conosciuto anche come \u201cBlack Chrome\u201d, il metallo scuro riflettente crea un effetto gioiello intorno al vassoio in vetro smerigliato.<\/span><\/p>\n<p class=\"ng-star-inserted\"><span class=\"ng-star-inserted\">Questo \u00e8 pi\u00f9 di un semplice portasapone: \u00e8 una piattaforma versatile per gli elementi essenziali del lavabo. Pu\u00f2 contenere in modo sicuro saponette di lusso, tenere le bottiglie di sapone liquido lontano dal bancone o fungere da luogo sicuro per appoggiare anelli e gioielli mentre ci si lava le mani.<\/span><\/p>\n<p class=\"ng-star-inserted\"><strong class=\"ng-star-inserted\"><span class=\"ng-star-inserted\">Caratteristiche principali:<\/span><\/strong><\/p>\n<ul class=\"ng-star-inserted\">\n<li class=\"ng-star-inserted\">\n<p class=\"ng-star-inserted\"><strong class=\"ng-star-inserted\"><span class=\"ng-star-inserted\">Finitura:<\/span><\/strong><span class=\"ng-star-inserted\"> Raro nero lucido \/ nero cromato.<\/span><\/p>\n<\/li>\n<li class=\"ng-star-inserted\">\n<p class=\"ng-star-inserted\"><strong class=\"ng-star-inserted\"><span class=\"ng-star-inserted\">Esclusivit\u00e0:<\/span><\/strong><span class=\"ng-star-inserted\"> Finitura scura ad alta lucentezza.<\/span><\/p>\n<\/li>\n<li class=\"ng-star-inserted\">\n<p class=\"ng-star-inserted\"><strong class=\"ng-star-inserted\"><span class=\"ng-star-inserted\">Versatilit\u00e0:<\/span><\/strong><span class=\"ng-star-inserted\"> Adatto per sapone duro\/liquido e accessori.<\/span><\/p>\n<\/li>\n<li class=\"ng-star-inserted\">\n<p class=\"ng-star-inserted\"><strong class=\"ng-star-inserted\"><span class=\"ng-star-inserted\">Protezione:<\/span><\/strong><span class=\"ng-star-inserted\"> Mantiene le superfici dei lavabi prive di graffi e di feccia.<\/span><\/p>\n<\/li>\n<li class=\"ng-star-inserted\">\n<p class=\"ng-star-inserted\"><strong class=\"ng-star-inserted\"><span class=\"ng-star-inserted\">Design:<\/span><\/strong><span class=\"ng-star-inserted\"> Vetro smerigliato di qualit\u00e0 superiore con profilo profondo.<\/span><\/p>\n<\/li>\n<\/ul>","protected":false},"excerpt":{"rendered":"<p>For a finish that exudes luxury and drama, choose the DeRicci Polished Black Soap Holder. Also known as &#8220;Black Chrome,&#8221; the reflective dark metal creates a stunning jewel-like effect around the frosted glass tray. This is more than just a soap dish; it is a versatile platform for your basin essentials. It securely holds luxury <a class=\"more-link\" href=\"https:\/\/dericci.com\/it\/prodotto\/dericci-wall-mounted-soap-holder-de-5685f-pb-polished-black\/\">Per saperne di pi\u00f9<span class=\"screen-reader-text\"> about DeRicci Wall-Mounted Soap Holder DE-5685F-PB \u2013 Polished Black<\/span><\/a><\/p>","protected":false},"featured_media":22055,"template":"","meta":{"_acf_changed":false,"inline_featured_image":false},"product_cat":[130],"product_tag":[],"class_list":{"0":"post-22064","1":"product","2":"type-product","3":"status-publish","4":"has-post-thumbnail","6":"product_cat-hard-and-liquid-soap","8":"first","9":"instock","10":"shipping-taxable","11":"product-type-simple"},"acf":[],"_links":{"self":[{"href":"https:\/\/dericci.com\/it\/wp-json\/wp\/v2\/product\/22064","targetHints":{"allow":["GET"]}}],"collection":[{"href":"https:\/\/dericci.com\/it\/wp-json\/wp\/v2\/product"}],"about":[{"href":"https:\/\/dericci.com\/it\/wp-json\/wp\/v2\/types\/product"}],"wp:featuredmedia":[{"embeddable":true,"href":"https:\/\/dericci.com\/it\/wp-json\/wp\/v2\/media\/22055"}],"wp:attachment":[{"href":"https:\/\/dericci.com\/it\/wp-json\/wp\/v2\/media?parent=22064"}],"wp:term":[{"taxonomy":"product_cat","embeddable":true,"href":"https:\/\/dericci.com\/it\/wp-json\/wp\/v2\/product_cat?post=22064"},{"taxonomy":"product_tag","embeddable":true,"href":"https:\/\/dericci.com\/it\/wp-json\/wp\/v2\/product_tag?post=22064"}],"curies":[{"name":"wp","href":"https:\/\/api.w.org\/{rel}","templated":true}]}}