{"id":22097,"date":"2026-02-23T14:57:39","date_gmt":"2026-02-23T10:57:39","guid":{"rendered":"https:\/\/dericci.com\/?post_type=product&#038;p=22097"},"modified":"2026-02-23T15:00:17","modified_gmt":"2026-02-23T11:00:17","slug":"dericci-wall-mounted-tumbler-holder-de-8121-gm-gunmetal","status":"publish","type":"product","link":"https:\/\/dericci.com\/it\/prodotto\/dericci-wall-mounted-tumbler-holder-de-8121-gm-gunmetal\/","title":{"rendered":"Portabicchieri da parete DeRicci DE-8121-GM - Metallo duro"},"content":{"rendered":"<p class=\"ng-star-inserted\"><span class=\"ng-star-inserted\">Per un tocco sofisticato e lunatico, scegliete il portabicchieri DeRicci Gunmetal. La finitura metallica lucida di colore grigio scuro crea un contrasto straordinario con il vetro smerigliato bianco, che si impone nei bagni industriali o moderni.<\/span><\/p>\n<p class=\"ng-star-inserted\"><span class=\"ng-star-inserted\">Questo supporto non \u00e8 solo estetico: la funzionalit\u00e0 di montaggio a parete garantisce l'organizzazione del lavabo. La staffa in metallo \u00e8 rifinita in modo da abbinarsi perfettamente alla nostra gamma di rubinetti Gunmetal.<\/span><\/p>\n<p class=\"ng-star-inserted\"><strong class=\"ng-star-inserted\"><span class=\"ng-star-inserted\">Caratteristiche principali:<\/span><\/strong><\/p>\n<ul class=\"ng-star-inserted\">\n<li class=\"ng-star-inserted\">\n<p class=\"ng-star-inserted\"><strong class=\"ng-star-inserted\"><span class=\"ng-star-inserted\">Finitura:<\/span><\/strong><span class=\"ng-star-inserted\"> Metallo lucido \/ Grafite scuro.<\/span><\/p>\n<\/li>\n<li class=\"ng-star-inserted\">\n<p class=\"ng-star-inserted\"><strong class=\"ng-star-inserted\"><span class=\"ng-star-inserted\">Contrasto:<\/span><\/strong><span class=\"ng-star-inserted\"> Metallo scuro contro vetro bianco smerigliato.<\/span><\/p>\n<\/li>\n<li class=\"ng-star-inserted\">\n<p class=\"ng-star-inserted\"><strong class=\"ng-star-inserted\"><span class=\"ng-star-inserted\">Stile:<\/span><\/strong><span class=\"ng-star-inserted\"> Eleganza industriale urbana.<\/span><\/p>\n<\/li>\n<li class=\"ng-star-inserted\">\n<p class=\"ng-star-inserted\"><strong class=\"ng-star-inserted\"><span class=\"ng-star-inserted\">Organizzazione:<\/span><\/strong><span class=\"ng-star-inserted\"> Mantengono i piani di lavoro liberi da ingombri.<\/span><\/p>\n<\/li>\n<li class=\"ng-star-inserted\">\n<p class=\"ng-star-inserted\"><strong class=\"ng-star-inserted\"><span class=\"ng-star-inserted\">Qualit\u00e0:<\/span><\/strong><span class=\"ng-star-inserted\"> Struttura in metallo antiruggine.<\/span><\/p>\n<\/li>\n<\/ul>","protected":false},"excerpt":{"rendered":"<p>For a sophisticated, moody edge, choose the DeRicci Gunmetal Tumbler Holder. The dark grey, glossy metallic finish creates a stunning contrast against the white frosted glass, making a bold statement in industrial or modern bathrooms. This holder is not just about looks; the wall-mounted functionality ensures your basin stays organized. The metal bracket is finished <a class=\"more-link\" href=\"https:\/\/dericci.com\/it\/prodotto\/dericci-wall-mounted-tumbler-holder-de-8121-gm-gunmetal\/\">Per saperne di pi\u00f9<span class=\"screen-reader-text\"> about DeRicci Wall-Mounted Tumbler Holder DE-8121-GM \u2013 Gunmetal<\/span><\/a><\/p>","protected":false},"featured_media":22089,"template":"","meta":{"_acf_changed":false,"inline_featured_image":false},"product_cat":[130],"product_tag":[],"class_list":{"0":"post-22097","1":"product","2":"type-product","3":"status-publish","4":"has-post-thumbnail","6":"product_cat-hard-and-liquid-soap","8":"first","9":"instock","10":"shipping-taxable","11":"product-type-simple"},"acf":[],"_links":{"self":[{"href":"https:\/\/dericci.com\/it\/wp-json\/wp\/v2\/product\/22097","targetHints":{"allow":["GET"]}}],"collection":[{"href":"https:\/\/dericci.com\/it\/wp-json\/wp\/v2\/product"}],"about":[{"href":"https:\/\/dericci.com\/it\/wp-json\/wp\/v2\/types\/product"}],"wp:featuredmedia":[{"embeddable":true,"href":"https:\/\/dericci.com\/it\/wp-json\/wp\/v2\/media\/22089"}],"wp:attachment":[{"href":"https:\/\/dericci.com\/it\/wp-json\/wp\/v2\/media?parent=22097"}],"wp:term":[{"taxonomy":"product_cat","embeddable":true,"href":"https:\/\/dericci.com\/it\/wp-json\/wp\/v2\/product_cat?post=22097"},{"taxonomy":"product_tag","embeddable":true,"href":"https:\/\/dericci.com\/it\/wp-json\/wp\/v2\/product_tag?post=22097"}],"curies":[{"name":"wp","href":"https:\/\/api.w.org\/{rel}","templated":true}]}}