{"id":22132,"date":"2026-02-23T16:26:48","date_gmt":"2026-02-23T12:26:48","guid":{"rendered":"https:\/\/dericci.com\/?post_type=product&#038;p=22132"},"modified":"2026-02-24T11:33:40","modified_gmt":"2026-02-24T07:33:40","slug":"dericci-extended-single-towel-rail-de-1224-cp-polished-chrome","status":"publish","type":"product","link":"https:\/\/dericci.com\/it\/prodotto\/dericci-extended-single-towel-rail-de-1224-cp-polished-chrome\/","title":{"rendered":"Porta asciugamani singolo allungato DeRicci DE-1224-CP - Cromo lucido"},"content":{"rendered":"<p class=\"ng-star-inserted\"><span class=\"ng-star-inserted\">Luminoso, spazioso e senza tempo, il portasciugamani allungato DeRicci in cromo lucido \u00e8 un elemento essenziale per il bagno. Il metallo con finitura a specchio riflette la luce per aumentare la sensazione di spazio, mentre la lunghezza estesa offre un pratico spazio per asciugamani di grandi dimensioni.<\/span><\/p>\n<p class=\"ng-star-inserted\"><span class=\"ng-star-inserted\">Costruita per durare nel tempo, questa robusta guida \u00e8 caratterizzata da un design rotondo universale che si integra perfettamente con qualsiasi arredamento. \u00c8 la scelta affidabile ed elegante per le famiglie pi\u00f9 impegnate.<\/span><\/p>\n<p class=\"ng-star-inserted\"><strong class=\"ng-star-inserted\"><span class=\"ng-star-inserted\">Caratteristiche principali:<\/span><\/strong><\/p>\n<ul class=\"ng-star-inserted\">\n<li class=\"ng-star-inserted\">\n<p class=\"ng-star-inserted\"><strong class=\"ng-star-inserted\"><span class=\"ng-star-inserted\">Finitura:<\/span><\/strong><span class=\"ng-star-inserted\"> Cromo classico lucidato a specchio.<\/span><\/p>\n<\/li>\n<li class=\"ng-star-inserted\">\n<p class=\"ng-star-inserted\"><strong class=\"ng-star-inserted\"><span class=\"ng-star-inserted\">Guarda:<\/span><\/strong><span class=\"ng-star-inserted\"> Pulito, luminoso e versatile.<\/span><\/p>\n<\/li>\n<li class=\"ng-star-inserted\">\n<p class=\"ng-star-inserted\"><strong class=\"ng-star-inserted\"><span class=\"ng-star-inserted\">Dimensioni:<\/span><\/strong><span class=\"ng-star-inserted\"> Larghezza generosa per i teli da bagno.<\/span><\/p>\n<\/li>\n<li class=\"ng-star-inserted\">\n<p class=\"ng-star-inserted\"><strong class=\"ng-star-inserted\"><span class=\"ng-star-inserted\">Risparmio di spazio:<\/span><\/strong><span class=\"ng-star-inserted\"> Il profilo sottile si adatta alla parete.<\/span><\/p>\n<\/li>\n<li class=\"ng-star-inserted\">\n<p class=\"ng-star-inserted\"><strong class=\"ng-star-inserted\"><span class=\"ng-star-inserted\">Pulizia:<\/span><\/strong><span class=\"ng-star-inserted\"> Si pulisce all'istante.<\/span><\/p>\n<\/li>\n<\/ul>","protected":false},"excerpt":{"rendered":"<p>Bright, spacious, and timeless, the DeRicci Extended Polished Chrome Towel Rail is a bathroom essential. The mirror-finish metal reflects light to enhance the sense of space, while the extended length offers practical storage for large towels. Built to last, this sturdy rail features a universal round design that blends effortlessly with any decor. It is <a class=\"more-link\" href=\"https:\/\/dericci.com\/it\/prodotto\/dericci-extended-single-towel-rail-de-1224-cp-polished-chrome\/\">Per saperne di pi\u00f9<span class=\"screen-reader-text\"> about DeRicci Extended Single Towel Rail DE-1224-CP \u2013 Polished Chrome<\/span><\/a><\/p>","protected":false},"featured_media":22124,"template":"","meta":{"_acf_changed":false,"inline_featured_image":false},"product_cat":[42,131],"product_tag":[],"class_list":{"0":"post-22132","1":"product","2":"type-product","3":"status-publish","4":"has-post-thumbnail","6":"product_cat-accessories","7":"product_cat-towel-rack","9":"first","10":"instock","11":"shipping-taxable","12":"product-type-simple"},"acf":[],"_links":{"self":[{"href":"https:\/\/dericci.com\/it\/wp-json\/wp\/v2\/product\/22132","targetHints":{"allow":["GET"]}}],"collection":[{"href":"https:\/\/dericci.com\/it\/wp-json\/wp\/v2\/product"}],"about":[{"href":"https:\/\/dericci.com\/it\/wp-json\/wp\/v2\/types\/product"}],"wp:featuredmedia":[{"embeddable":true,"href":"https:\/\/dericci.com\/it\/wp-json\/wp\/v2\/media\/22124"}],"wp:attachment":[{"href":"https:\/\/dericci.com\/it\/wp-json\/wp\/v2\/media?parent=22132"}],"wp:term":[{"taxonomy":"product_cat","embeddable":true,"href":"https:\/\/dericci.com\/it\/wp-json\/wp\/v2\/product_cat?post=22132"},{"taxonomy":"product_tag","embeddable":true,"href":"https:\/\/dericci.com\/it\/wp-json\/wp\/v2\/product_tag?post=22132"}],"curies":[{"name":"wp","href":"https:\/\/api.w.org\/{rel}","templated":true}]}}