{"id":22362,"date":"2026-02-25T12:01:51","date_gmt":"2026-02-25T08:01:51","guid":{"rendered":"https:\/\/dericci.com\/?post_type=product&#038;p=22362"},"modified":"2026-03-03T11:54:16","modified_gmt":"2026-03-03T07:54:16","slug":"dericci-smooth-pvc-shower-hose-de-s1101-mg-dark-gunmetal","status":"publish","type":"product","link":"https:\/\/dericci.com\/it\/prodotto\/dericci-smooth-pvc-shower-hose-de-s1101-mg-dark-gunmetal\/","title":{"rendered":"DeRicci Tubo doccia liscio in PVC DE-S1101-MG - Metallo scuro"},"content":{"rendered":"<p class=\"ng-star-inserted\"><span class=\"ng-star-inserted\">Scoprite la raffinata intensit\u00e0 del tubo doccia DeRicci DE-S1101 Dark Gunmetal. Con una tonalit\u00e0 pi\u00f9 profonda e ricca rispetto al canna di fucile standard, questa finitura conferisce un'atmosfera sofisticata e lunatica alla vostra cabina doccia.<\/span><\/p>\n<p class=\"ng-star-inserted\"><span class=\"ng-star-inserted\">Il materiale in PVC di alta qualit\u00e0 assicura che il tubo rimanga flessibile e impermeabile nel tempo. La sua consistenza liscia non solo \u00e8 piacevole al tatto, ma elimina anche il rumore e l'attrito associati allo sfregamento dei tubi metallici contro le piastrelle.<\/span><\/p>\n<p class=\"ng-star-inserted\"><strong class=\"ng-star-inserted\"><span class=\"ng-star-inserted\">Caratteristiche principali:<\/span><\/strong><\/p>\n<ul class=\"ng-star-inserted\">\n<li class=\"ng-star-inserted\">\n<p class=\"ng-star-inserted\"><strong class=\"ng-star-inserted\"><span class=\"ng-star-inserted\">Finitura:<\/span><\/strong><span class=\"ng-star-inserted\"> Metallo scuro (Deep Metallic Grey).<\/span><\/p>\n<\/li>\n<li class=\"ng-star-inserted\">\n<p class=\"ng-star-inserted\"><strong class=\"ng-star-inserted\"><span class=\"ng-star-inserted\">Struttura:<\/span><\/strong><span class=\"ng-star-inserted\"> Esterno liscio e morbido al tatto.<\/span><\/p>\n<\/li>\n<li class=\"ng-star-inserted\">\n<p class=\"ng-star-inserted\"><strong class=\"ng-star-inserted\"><span class=\"ng-star-inserted\">Manutenzione:<\/span><\/strong><span class=\"ng-star-inserted\"> Respinge le macchie d'acqua e il calcare.<\/span><\/p>\n<\/li>\n<li class=\"ng-star-inserted\">\n<p class=\"ng-star-inserted\"><strong class=\"ng-star-inserted\"><span class=\"ng-star-inserted\">Protezione:<\/span><\/strong><span class=\"ng-star-inserted\"> Sicuro per le finiture delicate del bagno.<\/span><\/p>\n<\/li>\n<li class=\"ng-star-inserted\">\n<p class=\"ng-star-inserted\"><strong class=\"ng-star-inserted\"><span class=\"ng-star-inserted\">Connettori:<\/span><\/strong><span class=\"ng-star-inserted\"> Robusta ferramenta in tinta.<\/span><\/p>\n<\/li>\n<\/ul>","protected":false},"excerpt":{"rendered":"<p>Discover the refined intensity of the DeRicci DE-S1101 Dark Gunmetal Shower Hose. Offering a deeper, richer tone than standard gunmetal, this finish brings a sophisticated, moody atmosphere to your shower enclosure. The high-quality PVC material ensures that the hose remains flexible and watertight over time. Its smooth texture is not only pleasing to the touch <a class=\"more-link\" href=\"https:\/\/dericci.com\/it\/prodotto\/dericci-smooth-pvc-shower-hose-de-s1101-mg-dark-gunmetal\/\">Per saperne di pi\u00f9<span class=\"screen-reader-text\"> about DeRicci Smooth PVC Shower Hose DE-S1101-MG \u2013 Dark Gunmetal<\/span><\/a><\/p>","protected":false},"featured_media":22354,"template":"","meta":{"_acf_changed":false,"inline_featured_image":false},"product_cat":[135],"product_tag":[],"class_list":{"0":"post-22362","1":"product","2":"type-product","3":"status-publish","4":"has-post-thumbnail","6":"product_cat-hoses","8":"first","9":"instock","10":"shipping-taxable","11":"product-type-simple"},"acf":[],"_links":{"self":[{"href":"https:\/\/dericci.com\/it\/wp-json\/wp\/v2\/product\/22362","targetHints":{"allow":["GET"]}}],"collection":[{"href":"https:\/\/dericci.com\/it\/wp-json\/wp\/v2\/product"}],"about":[{"href":"https:\/\/dericci.com\/it\/wp-json\/wp\/v2\/types\/product"}],"wp:featuredmedia":[{"embeddable":true,"href":"https:\/\/dericci.com\/it\/wp-json\/wp\/v2\/media\/22354"}],"wp:attachment":[{"href":"https:\/\/dericci.com\/it\/wp-json\/wp\/v2\/media?parent=22362"}],"wp:term":[{"taxonomy":"product_cat","embeddable":true,"href":"https:\/\/dericci.com\/it\/wp-json\/wp\/v2\/product_cat?post=22362"},{"taxonomy":"product_tag","embeddable":true,"href":"https:\/\/dericci.com\/it\/wp-json\/wp\/v2\/product_tag?post=22362"}],"curies":[{"name":"wp","href":"https:\/\/api.w.org\/{rel}","templated":true}]}}