{"id":22548,"date":"2026-02-26T15:40:55","date_gmt":"2026-02-26T11:40:55","guid":{"rendered":"https:\/\/dericci.com\/?post_type=product&#038;p=22548"},"modified":"2026-03-03T11:53:00","modified_gmt":"2026-03-03T07:53:00","slug":"dericci-square-handset-holder-with-water-outlet-de-2510b-mg-dark-gunmetal","status":"publish","type":"product","link":"https:\/\/dericci.com\/it\/prodotto\/dericci-square-handset-holder-with-water-outlet-de-2510b-mg-dark-gunmetal\/","title":{"rendered":"Portavoce quadrato DeRicci con uscita acqua DE-2510B-MG - Metallo scuro"},"content":{"rendered":"<p class=\"ng-star-inserted\"><span class=\"ng-star-inserted\">Scopri l'intensa profondit\u00e0 della presa a muro DeRicci DE-2510B Dark Gunmetal. Con una tonalit\u00e0 pi\u00f9 profonda e cupa del canna di fucile standard, questa finitura accentua il design quadrato architettonico per un look davvero di alta gamma.<\/span><\/p>\n<p class=\"ng-star-inserted\"><span class=\"ng-star-inserted\">Questo accessorio \u00e8 indispensabile per mantenere uno spazio doccia pulito e ordinato. Combina l'uscita dell'acqua e il supporto di parcheggio in un'unica unit\u00e0 elegante che si integra perfettamente con i temi scuri del bagno.<\/span><\/p>\n<p class=\"ng-star-inserted\"><strong class=\"ng-star-inserted\"><span class=\"ng-star-inserted\">Caratteristiche principali:<\/span><\/strong><\/p>\n<ul class=\"ng-star-inserted\">\n<li class=\"ng-star-inserted\">\n<p class=\"ng-star-inserted\"><strong class=\"ng-star-inserted\"><span class=\"ng-star-inserted\">Finitura:<\/span><\/strong><span class=\"ng-star-inserted\"> Metallo scuro (Deep Metallic Grey).<\/span><\/p>\n<\/li>\n<li class=\"ng-star-inserted\">\n<p class=\"ng-star-inserted\"><strong class=\"ng-star-inserted\"><span class=\"ng-star-inserted\">Struttura:<\/span><\/strong><span class=\"ng-star-inserted\"> Aspetto visivo morbido al tatto.<\/span><\/p>\n<\/li>\n<li class=\"ng-star-inserted\">\n<p class=\"ng-star-inserted\"><strong class=\"ng-star-inserted\"><span class=\"ng-star-inserted\">Design:<\/span><\/strong><span class=\"ng-star-inserted\"> Blocco quadrato minimalista.<\/span><\/p>\n<\/li>\n<li class=\"ng-star-inserted\">\n<p class=\"ng-star-inserted\"><strong class=\"ng-star-inserted\"><span class=\"ng-star-inserted\">Funzione:<\/span><\/strong><span class=\"ng-star-inserted\"> Ancoraggio sicuro del ricevitore.<\/span><\/p>\n<\/li>\n<li class=\"ng-star-inserted\">\n<p class=\"ng-star-inserted\"><strong class=\"ng-star-inserted\"><span class=\"ng-star-inserted\">Dettaglio:<\/span><\/strong><span class=\"ng-star-inserted\"> Discreto marchio DeRicci.<\/span><\/p>\n<\/li>\n<\/ul>","protected":false},"excerpt":{"rendered":"<p>Discover the intense depth of the DeRicci DE-2510B Dark Gunmetal Wall Outlet. With a deeper, more brooding tone than standard gunmetal, this finish accentuates the architectural square design for a truly high-end look. This accessory is essential for maintaining a clean, uncluttered shower space. It combines the water outlet and parking bracket into a single, <a class=\"more-link\" href=\"https:\/\/dericci.com\/it\/prodotto\/dericci-square-handset-holder-with-water-outlet-de-2510b-mg-dark-gunmetal\/\">Per saperne di pi\u00f9<span class=\"screen-reader-text\"> about DeRicci Square Handset Holder with Water Outlet DE-2510B-MG \u2013 Dark Gunmetal<\/span><\/a><\/p>","protected":false},"featured_media":22541,"template":"","meta":{"_acf_changed":false,"inline_featured_image":false},"product_cat":[139],"product_tag":[],"class_list":{"0":"post-22548","1":"product","2":"type-product","3":"status-publish","4":"has-post-thumbnail","6":"product_cat-fittings","8":"first","9":"instock","10":"shipping-taxable","11":"product-type-simple"},"acf":[],"_links":{"self":[{"href":"https:\/\/dericci.com\/it\/wp-json\/wp\/v2\/product\/22548","targetHints":{"allow":["GET"]}}],"collection":[{"href":"https:\/\/dericci.com\/it\/wp-json\/wp\/v2\/product"}],"about":[{"href":"https:\/\/dericci.com\/it\/wp-json\/wp\/v2\/types\/product"}],"wp:featuredmedia":[{"embeddable":true,"href":"https:\/\/dericci.com\/it\/wp-json\/wp\/v2\/media\/22541"}],"wp:attachment":[{"href":"https:\/\/dericci.com\/it\/wp-json\/wp\/v2\/media?parent=22548"}],"wp:term":[{"taxonomy":"product_cat","embeddable":true,"href":"https:\/\/dericci.com\/it\/wp-json\/wp\/v2\/product_cat?post=22548"},{"taxonomy":"product_tag","embeddable":true,"href":"https:\/\/dericci.com\/it\/wp-json\/wp\/v2\/product_tag?post=22548"}],"curies":[{"name":"wp","href":"https:\/\/api.w.org\/{rel}","templated":true}]}}