{"id":23253,"date":"2026-04-02T16:48:50","date_gmt":"2026-04-02T12:48:50","guid":{"rendered":"https:\/\/dericci.com\/?post_type=product&#038;p=23253"},"modified":"2026-04-02T16:49:11","modified_gmt":"2026-04-02T12:49:11","slug":"dericci-kitchen-mixer-detm0028-brushed-nickel","status":"publish","type":"product","link":"https:\/\/dericci.com\/it\/prodotto\/dericci-kitchen-mixer-detm0028-brushed-nickel\/","title":{"rendered":"Miscelatore da cucina DeRicci DETM0028 \u2013 Nichel spazzolato"},"content":{"rendered":"<p data-path-to-node=\"23\">Senza tempo e versatile, il <b data-path-to-node=\"23\" data-index-in-node=\"28\">DeRicci DETM0028 in Nichel Spazzolato<\/b> \u00e8 progettato per cucine in cui funzionalit\u00e0 ed eleganza sobria sono fondamentali. Le tonalit\u00e0 calde e tenui della finitura Nichel Spazzolato eccellono nel nascondere macchie d'acqua e impronte digitali, rendendola la scelta perfetta per le famiglie numerose e attive.<\/p>\n<p data-path-to-node=\"24\">Il beccuccio fluente e arcuato offre ampio spazio per le pi\u00f9 grandi attivit\u00e0 in cucina, mentre il soffione a scomparsa intuitivo offre la flessibilit\u00e0 di una cucina professionale. Maestrina a Milano, questa rubinetteria utilizza un rivestimento PVD ad alto attrito che offre una sensazione premium al tatto e garantisce che l'apparecchio rimanga un punto focale bello e affidabile per il tuo spazio culinario.<\/p>\n<ul data-path-to-node=\"25\">\n<li>\n<p data-path-to-node=\"25,0,0\"><b data-path-to-node=\"25,0,0\" data-index-in-node=\"0\">Finitura:<\/b> Nichel spazzolato trattato a mano PVD che offre una lucentezza metallica calda e durevole.<\/p>\n<\/li>\n<li>\n<p data-path-to-node=\"25,1,0\"><b data-path-to-node=\"25,1,0\" data-index-in-node=\"0\">Utilit\u00e0:<\/b> Testina a doppio uso con una semplice levetta per getto aerato o doccetta ampia.<\/p>\n<\/li>\n<li>\n<p data-path-to-node=\"25,2,0\"><b data-path-to-node=\"25,2,0\" data-index-in-node=\"0\">Girevole<\/b> Rotazione a 360 gradi per un accesso totale al lavello e versatilit\u00e0.<\/p>\n<\/li>\n<li>\n<p data-path-to-node=\"25,3,0\"><b data-path-to-node=\"25,3,0\" data-index-in-node=\"0\">Affidabilit\u00e0:<\/b> I componenti interni sono realizzati con materiali di altissima qualit\u00e0 per una lunga durata, senza ruggine e silenziosa.<\/p>\n<\/li>\n<\/ul>","protected":false},"excerpt":{"rendered":"<p>Timeless and versatile, the DeRicci DETM0028 in Brushed Nickel is designed for kitchens where functionality and understated elegance are paramount. The warm, muted tones of the Brushed Nickel finish excel at hiding water spots and fingerprints, making it the perfect choice for busy family homes. The fluid, arching spout provides ample room for the largest <a class=\"more-link\" href=\"https:\/\/dericci.com\/it\/prodotto\/dericci-kitchen-mixer-detm0028-brushed-nickel\/\">Per saperne di pi\u00f9<span class=\"screen-reader-text\"> about DeRicci Kitchen Mixer DETM0028 &#8211; Brushed Nickel<\/span><\/a><\/p>","protected":false},"featured_media":23235,"template":"","meta":{"_acf_changed":false,"inline_featured_image":false},"product_cat":[82],"product_tag":[],"class_list":{"0":"post-23253","1":"product","2":"type-product","3":"status-publish","4":"has-post-thumbnail","6":"product_cat-kitchen-faucet","8":"first","9":"instock","10":"shipping-taxable","11":"product-type-simple"},"acf":[],"_links":{"self":[{"href":"https:\/\/dericci.com\/it\/wp-json\/wp\/v2\/product\/23253","targetHints":{"allow":["GET"]}}],"collection":[{"href":"https:\/\/dericci.com\/it\/wp-json\/wp\/v2\/product"}],"about":[{"href":"https:\/\/dericci.com\/it\/wp-json\/wp\/v2\/types\/product"}],"wp:featuredmedia":[{"embeddable":true,"href":"https:\/\/dericci.com\/it\/wp-json\/wp\/v2\/media\/23235"}],"wp:attachment":[{"href":"https:\/\/dericci.com\/it\/wp-json\/wp\/v2\/media?parent=23253"}],"wp:term":[{"taxonomy":"product_cat","embeddable":true,"href":"https:\/\/dericci.com\/it\/wp-json\/wp\/v2\/product_cat?post=23253"},{"taxonomy":"product_tag","embeddable":true,"href":"https:\/\/dericci.com\/it\/wp-json\/wp\/v2\/product_tag?post=23253"}],"curies":[{"name":"wp","href":"https:\/\/api.w.org\/{rel}","templated":true}]}}